{"id":289,"date":"2023-03-17T14:16:39","date_gmt":"2023-03-17T13:16:39","guid":{"rendered":"http:\/\/artekoa.fr\/numerologie\/?page_id=289"},"modified":"2025-04-24T09:17:22","modified_gmt":"2025-04-24T07:17:22","slug":"accompagnement","status":"publish","type":"page","link":"https:\/\/artekoa.fr\/numerologie\/accompagnement\/","title":{"rendered":"Accompagnement"},"content":{"rendered":"<p>[et_pb_section fb_built=\u00a0\u00bb1&Prime; admin_label=\u00a0\u00bbsection\u00a0\u00bb _builder_version=\u00a0\u00bb4.16&Prime; min_height=\u00a0\u00bb168px\u00a0\u00bb height=\u00a0\u00bb1000px\u00a0\u00bb max_height=\u00a0\u00bb100px\u00a0\u00bb global_colors_info=\u00a0\u00bb{}\u00a0\u00bb][et_pb_row _builder_version=\u00a0\u00bb4.16&Prime; _module_preset=\u00a0\u00bbdefault\u00a0\u00bb global_colors_info=\u00a0\u00bb{}\u00a0\u00bb][et_pb_column type=\u00a0\u00bb4_4&Prime; _builder_version=\u00a0\u00bb4.16&Prime; _module_preset=\u00a0\u00bbdefault\u00a0\u00bb global_colors_info=\u00a0\u00bb{}\u00a0\u00bb][et_pb_text _builder_version=\u00a0\u00bb4.24.2&Prime; _module_preset=\u00a0\u00bbdefault\u00a0\u00bb text_font=\u00a0\u00bb||||||||\u00a0\u00bb text_font_size=\u00a0\u00bb30px\u00a0\u00bb text_orientation=\u00a0\u00bbcenter\u00a0\u00bb global_colors_info=\u00a0\u00bb{}\u00a0\u00bb]<\/p>\n<blockquote>\n<p style=\"text-align: left;\">L&rsquo;accompagnement<\/p>\n<\/blockquote>\n<p>[\/et_pb_text][\/et_pb_column][\/et_pb_row][\/et_pb_section][et_pb_section fb_built=\u00a0\u00bb1&Prime; _builder_version=\u00a0\u00bb4.20.2&Prime; _module_preset=\u00a0\u00bbdefault\u00a0\u00bb global_colors_info=\u00a0\u00bb{}\u00a0\u00bb][et_pb_row _builder_version=\u00a0\u00bb4.24.2&Prime; _module_preset=\u00a0\u00bbdefault\u00a0\u00bb border_color_top=\u00a0\u00bbrgba(0,0,0,0.4)\u00a0\u00bb global_colors_info=\u00a0\u00bb{}\u00a0\u00bb][et_pb_column type=\u00a0\u00bb4_4&Prime; _builder_version=\u00a0\u00bb4.20.2&Prime; _module_preset=\u00a0\u00bbdefault\u00a0\u00bb global_colors_info=\u00a0\u00bb{}\u00a0\u00bb][et_pb_text _builder_version=\u00a0\u00bb4.24.2&Prime; _module_preset=\u00a0\u00bbdefault\u00a0\u00bb width=\u00a0\u00bb100%\u00a0\u00bb module_alignment=\u00a0\u00bbcenter\u00a0\u00bb global_colors_info=\u00a0\u00bb{}\u00a0\u00bb]<\/p>\n<p>De nombreuses petites entreprises se sont cr\u00e9\u00e9es ces derni\u00e8res ann\u00e9es et leurs dirigeants n&rsquo;ont pas toujours ni le temps ni les comp\u00e9tences pour animer leur site internet.<\/p>\n<p>Je me propose de les accompagner.<\/p>\n<p>Aujourd&rsquo;hui, avoir une visibilit\u00e9 en ligne est indispensable mais il ne faut pas non plus que cette vitrine virtuelle, si elle est n\u00e9glig\u00e9e, donne une mauvaise image de l&rsquo;entreprise.<\/p>\n<p>Je me propose d&rsquo;animer vos sites, vos r\u00e9seaux sociaux, vos newsletters (&#8230;) ou tout autre support qui vous permette de faire connaitre votre travail. \u00c9videment je suis en capacit\u00e9 de r\u00e9aliser les photos mais \u00e9galement de les sc\u00e9nariser sur votre site. L&rsquo;id\u00e9e est de capter l&rsquo;\u00e2me de votre entreprise et de la retranscire \u00e0 l&rsquo;\u00e9cran.<\/p>\n<p>Mes interventions sont plus ou moins fr\u00e9quentes selon vos besoins : une remise \u00e0 jour 1 ou 2 fois par an, une intervention mensuelle incluant des publications instagram hebdomadaires &#8230; \u00c0 chaque projet sa solution.<\/p>\n<p>Ce site est un exemple de r\u00e9alisation, mais vous pouvez \u00e9galement aller voir les sites xibiouz, sylviedoxaranyoga ou encore galerieveri. \u00c0 d\u00e9faut de les avoir cr\u00e9\u00e9s, je les mets \u00e0 jour et les fais \u00e9voluer depuis plusieurs ann\u00e9es.<\/p>\n<p>Plus r\u00e9cemment, j&rsquo;ai cr\u00e9\u00e9 de A \u00e0 Z le site de Myriam, r\u00e9flexologue plantaire. N&rsquo;h\u00e9sitez pas \u00e0 aller la consulter !<\/p>\n<p>[\/et_pb_text][\/et_pb_column][\/et_pb_row][\/et_pb_section][et_pb_section fb_built=\u00a0\u00bb1&Prime; _builder_version=\u00a0\u00bb4.20.2&Prime; _module_preset=\u00a0\u00bbdefault\u00a0\u00bb global_colors_info=\u00a0\u00bb{}\u00a0\u00bb][et_pb_row column_structure=\u00a0\u00bb2_5,3_5&Prime; _builder_version=\u00a0\u00bb4.20.2&Prime; _module_preset=\u00a0\u00bbdefault\u00a0\u00bb global_colors_info=\u00a0\u00bb{}\u00a0\u00bb][et_pb_column type=\u00a0\u00bb2_5&Prime; _builder_version=\u00a0\u00bb4.20.2&Prime; _module_preset=\u00a0\u00bbdefault\u00a0\u00bb global_colors_info=\u00a0\u00bb{}\u00a0\u00bb][et_pb_text _builder_version=\u00a0\u00bb4.24.2&Prime; _module_preset=\u00a0\u00bbdefault\u00a0\u00bb text_font=\u00a0\u00bb||||||||\u00a0\u00bb link_option_url=\u00a0\u00bbhttps:\/\/galerieveri.com\/\u00a0\u00bb link_option_url_new_window=\u00a0\u00bbon\u00a0\u00bb global_colors_info=\u00a0\u00bb{}\u00a0\u00bb]<\/p>\n<p>&nbsp;<\/p>\n<p>&nbsp;<\/p>\n<p>&nbsp;<\/p>\n<p>&nbsp;<\/p>\n<p>Galerie Veri<\/p>\n<p>[\/et_pb_text][\/et_pb_column][et_pb_column type=\u00a0\u00bb3_5&Prime; _builder_version=\u00a0\u00bb4.20.2&Prime; _module_preset=\u00a0\u00bbdefault\u00a0\u00bb global_colors_info=\u00a0\u00bb{}\u00a0\u00bb][et_pb_image src=\u00a0\u00bbhttps:\/\/artekoa.fr\/numerologie\/wp-content\/uploads\/2023\/04\/veri.png\u00a0\u00bb title_text=\u00a0\u00bbveri\u00a0\u00bb url=\u00a0\u00bbhttps:\/\/galerieveri.com\/\u00a0\u00bb url_new_window=\u00a0\u00bbon\u00a0\u00bb force_fullwidth=\u00a0\u00bbon\u00a0\u00bb _builder_version=\u00a0\u00bb4.20.4&Prime; _module_preset=\u00a0\u00bbdefault\u00a0\u00bb animation_style=\u00a0\u00bbslide\u00a0\u00bb global_colors_info=\u00a0\u00bb{}\u00a0\u00bb][\/et_pb_image][\/et_pb_column][\/et_pb_row][et_pb_row column_structure=\u00a0\u00bb2_5,3_5&Prime; _builder_version=\u00a0\u00bb4.20.2&Prime; _module_preset=\u00a0\u00bbdefault\u00a0\u00bb global_colors_info=\u00a0\u00bb{}\u00a0\u00bb][et_pb_column type=\u00a0\u00bb2_5&Prime; _builder_version=\u00a0\u00bb4.20.2&Prime; _module_preset=\u00a0\u00bbdefault\u00a0\u00bb global_colors_info=\u00a0\u00bb{}\u00a0\u00bb][et_pb_text _builder_version=\u00a0\u00bb4.24.2&Prime; _module_preset=\u00a0\u00bbdefault\u00a0\u00bb text_font=\u00a0\u00bb||||||||\u00a0\u00bb link_option_url=\u00a0\u00bbhttps:\/\/xibiouz.fr\/\u00a0\u00bb link_option_url_new_window=\u00a0\u00bbon\u00a0\u00bb global_colors_info=\u00a0\u00bb{}\u00a0\u00bb]<\/p>\n<p>&nbsp;<\/p>\n<p>&nbsp;<\/p>\n<p>&nbsp;<\/p>\n<p>&nbsp;<\/p>\n<p>Xibiouz<\/p>\n<p>[\/et_pb_text][\/et_pb_column][et_pb_column type=\u00a0\u00bb3_5&Prime; _builder_version=\u00a0\u00bb4.20.2&Prime; _module_preset=\u00a0\u00bbdefault\u00a0\u00bb global_colors_info=\u00a0\u00bb{}\u00a0\u00bb][et_pb_image src=\u00a0\u00bbhttps:\/\/artekoa.fr\/numerologie\/wp-content\/uploads\/2025\/04\/Capture-decran-2025-04-24-a-09.15.57.png\u00a0\u00bb title_text=\u00a0\u00bbCapture d\u2019\u00e9cran 2025-04-24 \u00e0 09.15.57&Prime; url=\u00a0\u00bbhttps:\/\/xibiouz.fr\/\u00a0\u00bb url_new_window=\u00a0\u00bbon\u00a0\u00bb force_fullwidth=\u00a0\u00bbon\u00a0\u00bb _builder_version=\u00a0\u00bb4.27.4&Prime; _module_preset=\u00a0\u00bbdefault\u00a0\u00bb animation_style=\u00a0\u00bbslide\u00a0\u00bb animation_starting_opacity=\u00a0\u00bb74%\u00a0\u00bb hover_enabled=\u00a0\u00bb0&Prime; global_colors_info=\u00a0\u00bb{}\u00a0\u00bb sticky_enabled=\u00a0\u00bb0&Prime;][\/et_pb_image][\/et_pb_column][\/et_pb_row][et_pb_row column_structure=\u00a0\u00bb2_5,3_5&Prime; _builder_version=\u00a0\u00bb4.20.2&Prime; _module_preset=\u00a0\u00bbdefault\u00a0\u00bb global_colors_info=\u00a0\u00bb{}\u00a0\u00bb][et_pb_column type=\u00a0\u00bb2_5&Prime; _builder_version=\u00a0\u00bb4.20.2&Prime; _module_preset=\u00a0\u00bbdefault\u00a0\u00bb global_colors_info=\u00a0\u00bb{}\u00a0\u00bb][et_pb_text _builder_version=\u00a0\u00bb4.24.2&Prime; _module_preset=\u00a0\u00bbdefault\u00a0\u00bb text_font=\u00a0\u00bb||||||||\u00a0\u00bb link_option_url=\u00a0\u00bbhttps:\/\/sylvie-doxaran-yoga.fr\/\u00a0\u00bb link_option_url_new_window=\u00a0\u00bbon\u00a0\u00bb global_colors_info=\u00a0\u00bb{}\u00a0\u00bb]<\/p>\n<p>&nbsp;<\/p>\n<p>&nbsp;<\/p>\n<p>&nbsp;<\/p>\n<p>&nbsp;<\/p>\n<p>Sylvie Doxaran Yoga<\/p>\n<p>[\/et_pb_text][\/et_pb_column][et_pb_column type=\u00a0\u00bb3_5&Prime; _builder_version=\u00a0\u00bb4.20.2&Prime; _module_preset=\u00a0\u00bbdefault\u00a0\u00bb global_colors_info=\u00a0\u00bb{}\u00a0\u00bb][et_pb_image src=\u00a0\u00bbhttp:\/\/artekoa.fr\/numerologie\/wp-content\/uploads\/2023\/03\/SDY.png\u00a0\u00bb title_text=\u00a0\u00bbSDY\u00a0\u00bb url=\u00a0\u00bbhttps:\/\/sylvie-doxaran-yoga.fr\/\u00a0\u00bb url_new_window=\u00a0\u00bbon\u00a0\u00bb force_fullwidth=\u00a0\u00bbon\u00a0\u00bb _builder_version=\u00a0\u00bb4.20.4&Prime; _module_preset=\u00a0\u00bbdefault\u00a0\u00bb animation_style=\u00a0\u00bbslide\u00a0\u00bb global_colors_info=\u00a0\u00bb{}\u00a0\u00bb][\/et_pb_image][\/et_pb_column][\/et_pb_row][et_pb_row column_structure=\u00a0\u00bb2_5,3_5&Prime; _builder_version=\u00a0\u00bb4.20.2&Prime; _module_preset=\u00a0\u00bbdefault\u00a0\u00bb global_colors_info=\u00a0\u00bb{}\u00a0\u00bb][et_pb_column type=\u00a0\u00bb2_5&Prime; _builder_version=\u00a0\u00bb4.20.2&Prime; _module_preset=\u00a0\u00bbdefault\u00a0\u00bb global_colors_info=\u00a0\u00bb{}\u00a0\u00bb][et_pb_text _builder_version=\u00a0\u00bb4.24.2&Prime; _module_preset=\u00a0\u00bbdefault\u00a0\u00bb text_font=\u00a0\u00bb||||||||\u00a0\u00bb link_option_url=\u00a0\u00bbhttps:\/\/myriamecheverriareflexologie.fr\/\u00a0\u00bb link_option_url_new_window=\u00a0\u00bbon\u00a0\u00bb global_colors_info=\u00a0\u00bb{}\u00a0\u00bb]<\/p>\n<p>&nbsp;<\/p>\n<p>&nbsp;<\/p>\n<p>&nbsp;<\/p>\n<p>&nbsp;<\/p>\n<p>Myriam Echeverria R\u00e9flexologie<\/p>\n<p>[\/et_pb_text][\/et_pb_column][et_pb_column type=\u00a0\u00bb3_5&Prime; _builder_version=\u00a0\u00bb4.20.2&Prime; _module_preset=\u00a0\u00bbdefault\u00a0\u00bb global_colors_info=\u00a0\u00bb{}\u00a0\u00bb][et_pb_image src=\u00a0\u00bbhttps:\/\/artekoa.fr\/numerologie\/wp-content\/uploads\/2023\/04\/mymi.png\u00a0\u00bb title_text=\u00a0\u00bbmymi\u00a0\u00bb url=\u00a0\u00bbhttps:\/\/myriamecheverriareflexologie.fr\/\u00a0\u00bb url_new_window=\u00a0\u00bbon\u00a0\u00bb force_fullwidth=\u00a0\u00bbon\u00a0\u00bb _builder_version=\u00a0\u00bb4.20.4&Prime; _module_preset=\u00a0\u00bbdefault\u00a0\u00bb animation_style=\u00a0\u00bbslide\u00a0\u00bb global_colors_info=\u00a0\u00bb{}\u00a0\u00bb][\/et_pb_image][\/et_pb_column][\/et_pb_row][\/et_pb_section]<\/p>\n","protected":false},"excerpt":{"rendered":"<p>L&rsquo;accompagnement De nombreuses petites entreprises se sont cr\u00e9\u00e9es ces derni\u00e8res ann\u00e9es et leurs dirigeants n&rsquo;ont pas toujours ni le temps ni les comp\u00e9tences pour animer leur site internet. Je me [&hellip;]<\/p>\n","protected":false},"author":1,"featured_media":0,"parent":0,"menu_order":0,"comment_status":"closed","ping_status":"closed","template":"","meta":{"_et_pb_use_builder":"on","_et_pb_old_content":"<!-- wp:divi\/placeholder \/-->","_et_gb_content_width":"","footnotes":""},"class_list":["post-289","page","type-page","status-publish","hentry"],"yoast_head":"<!-- This site is optimized with the Yoast SEO plugin v22.3 - https:\/\/yoast.com\/wordpress\/plugins\/seo\/ -->\n<title>Accompagnement - artekoa<\/title>\n<meta name=\"robots\" content=\"index, follow, max-snippet:-1, max-image-preview:large, max-video-preview:-1\" \/>\n<link rel=\"canonical\" href=\"https:\/\/artekoa.fr\/numerologie\/accompagnement\/\" \/>\n<meta property=\"og:locale\" content=\"fr_FR\" \/>\n<meta property=\"og:type\" content=\"article\" \/>\n<meta property=\"og:title\" content=\"Accompagnement - artekoa\" \/>\n<meta property=\"og:description\" content=\"L&#039;accompagnement De nombreuses petites entreprises se sont cr\u00e9\u00e9es ces derni\u00e8res ann\u00e9es et leurs dirigeants n&#039;ont pas toujours ni le temps ni les comp\u00e9tences pour animer leur site internet. Je me [&hellip;]\" \/>\n<meta property=\"og:url\" content=\"https:\/\/artekoa.fr\/numerologie\/accompagnement\/\" \/>\n<meta property=\"og:site_name\" content=\"artekoa\" \/>\n<meta property=\"article:modified_time\" content=\"2025-04-24T07:17:22+00:00\" \/>\n<meta name=\"twitter:card\" content=\"summary_large_image\" \/>\n<meta name=\"twitter:label1\" content=\"Dur\u00e9e de lecture estim\u00e9e\" \/>\n\t<meta name=\"twitter:data1\" content=\"4 minutes\" \/>\n<script type=\"application\/ld+json\" class=\"yoast-schema-graph\">{\"@context\":\"https:\/\/schema.org\",\"@graph\":[{\"@type\":\"WebPage\",\"@id\":\"https:\/\/artekoa.fr\/numerologie\/accompagnement\/\",\"url\":\"https:\/\/artekoa.fr\/numerologie\/accompagnement\/\",\"name\":\"Accompagnement - artekoa\",\"isPartOf\":{\"@id\":\"https:\/\/artekoa.fr\/numerologie\/#website\"},\"datePublished\":\"2023-03-17T13:16:39+00:00\",\"dateModified\":\"2025-04-24T07:17:22+00:00\",\"breadcrumb\":{\"@id\":\"https:\/\/artekoa.fr\/numerologie\/accompagnement\/#breadcrumb\"},\"inLanguage\":\"fr-FR\",\"potentialAction\":[{\"@type\":\"ReadAction\",\"target\":[\"https:\/\/artekoa.fr\/numerologie\/accompagnement\/\"]}]},{\"@type\":\"BreadcrumbList\",\"@id\":\"https:\/\/artekoa.fr\/numerologie\/accompagnement\/#breadcrumb\",\"itemListElement\":[{\"@type\":\"ListItem\",\"position\":1,\"name\":\"Accueil\",\"item\":\"https:\/\/artekoa.fr\/numerologie\/\"},{\"@type\":\"ListItem\",\"position\":2,\"name\":\"Accompagnement\"}]},{\"@type\":\"WebSite\",\"@id\":\"https:\/\/artekoa.fr\/numerologie\/#website\",\"url\":\"https:\/\/artekoa.fr\/numerologie\/\",\"name\":\"artekoa\",\"description\":\"Photographe et num\u00e9rologue\",\"potentialAction\":[{\"@type\":\"SearchAction\",\"target\":{\"@type\":\"EntryPoint\",\"urlTemplate\":\"https:\/\/artekoa.fr\/numerologie\/?s={search_term_string}\"},\"query-input\":\"required name=search_term_string\"}],\"inLanguage\":\"fr-FR\"}]}<\/script>\n<!-- \/ Yoast SEO plugin. -->","yoast_head_json":{"title":"Accompagnement - artekoa","robots":{"index":"index","follow":"follow","max-snippet":"max-snippet:-1","max-image-preview":"max-image-preview:large","max-video-preview":"max-video-preview:-1"},"canonical":"https:\/\/artekoa.fr\/numerologie\/accompagnement\/","og_locale":"fr_FR","og_type":"article","og_title":"Accompagnement - artekoa","og_description":"L'accompagnement De nombreuses petites entreprises se sont cr\u00e9\u00e9es ces derni\u00e8res ann\u00e9es et leurs dirigeants n'ont pas toujours ni le temps ni les comp\u00e9tences pour animer leur site internet. Je me [&hellip;]","og_url":"https:\/\/artekoa.fr\/numerologie\/accompagnement\/","og_site_name":"artekoa","article_modified_time":"2025-04-24T07:17:22+00:00","twitter_card":"summary_large_image","twitter_misc":{"Dur\u00e9e de lecture estim\u00e9e":"4 minutes"},"schema":{"@context":"https:\/\/schema.org","@graph":[{"@type":"WebPage","@id":"https:\/\/artekoa.fr\/numerologie\/accompagnement\/","url":"https:\/\/artekoa.fr\/numerologie\/accompagnement\/","name":"Accompagnement - artekoa","isPartOf":{"@id":"https:\/\/artekoa.fr\/numerologie\/#website"},"datePublished":"2023-03-17T13:16:39+00:00","dateModified":"2025-04-24T07:17:22+00:00","breadcrumb":{"@id":"https:\/\/artekoa.fr\/numerologie\/accompagnement\/#breadcrumb"},"inLanguage":"fr-FR","potentialAction":[{"@type":"ReadAction","target":["https:\/\/artekoa.fr\/numerologie\/accompagnement\/"]}]},{"@type":"BreadcrumbList","@id":"https:\/\/artekoa.fr\/numerologie\/accompagnement\/#breadcrumb","itemListElement":[{"@type":"ListItem","position":1,"name":"Accueil","item":"https:\/\/artekoa.fr\/numerologie\/"},{"@type":"ListItem","position":2,"name":"Accompagnement"}]},{"@type":"WebSite","@id":"https:\/\/artekoa.fr\/numerologie\/#website","url":"https:\/\/artekoa.fr\/numerologie\/","name":"artekoa","description":"Photographe et num\u00e9rologue","potentialAction":[{"@type":"SearchAction","target":{"@type":"EntryPoint","urlTemplate":"https:\/\/artekoa.fr\/numerologie\/?s={search_term_string}"},"query-input":"required name=search_term_string"}],"inLanguage":"fr-FR"}]}},"_links":{"self":[{"href":"https:\/\/artekoa.fr\/numerologie\/wp-json\/wp\/v2\/pages\/289","targetHints":{"allow":["GET"]}}],"collection":[{"href":"https:\/\/artekoa.fr\/numerologie\/wp-json\/wp\/v2\/pages"}],"about":[{"href":"https:\/\/artekoa.fr\/numerologie\/wp-json\/wp\/v2\/types\/page"}],"author":[{"embeddable":true,"href":"https:\/\/artekoa.fr\/numerologie\/wp-json\/wp\/v2\/users\/1"}],"replies":[{"embeddable":true,"href":"https:\/\/artekoa.fr\/numerologie\/wp-json\/wp\/v2\/comments?post=289"}],"version-history":[{"count":33,"href":"https:\/\/artekoa.fr\/numerologie\/wp-json\/wp\/v2\/pages\/289\/revisions"}],"predecessor-version":[{"id":2102,"href":"https:\/\/artekoa.fr\/numerologie\/wp-json\/wp\/v2\/pages\/289\/revisions\/2102"}],"wp:attachment":[{"href":"https:\/\/artekoa.fr\/numerologie\/wp-json\/wp\/v2\/media?parent=289"}],"curies":[{"name":"wp","href":"https:\/\/api.w.org\/{rel}","templated":true}]}}