{"id":283,"date":"2023-03-17T14:16:06","date_gmt":"2023-03-17T13:16:06","guid":{"rendered":"http:\/\/artekoa.fr\/numerologie\/?page_id=283"},"modified":"2025-04-25T16:30:47","modified_gmt":"2025-04-25T14:30:47","slug":"lintime","status":"publish","type":"page","link":"https:\/\/artekoa.fr\/numerologie\/lintime\/","title":{"rendered":"L&rsquo;intime"},"content":{"rendered":"<p>[et_pb_section fb_built=\u00a0\u00bb1&Prime; admin_label=\u00a0\u00bbsection\u00a0\u00bb _builder_version=\u00a0\u00bb4.16&Prime; min_height=\u00a0\u00bb168px\u00a0\u00bb height=\u00a0\u00bb1000px\u00a0\u00bb max_height=\u00a0\u00bb100px\u00a0\u00bb global_colors_info=\u00a0\u00bb{}\u00a0\u00bb][et_pb_row _builder_version=\u00a0\u00bb4.16&Prime; _module_preset=\u00a0\u00bbdefault\u00a0\u00bb global_colors_info=\u00a0\u00bb{}\u00a0\u00bb][et_pb_column type=\u00a0\u00bb4_4&Prime; _builder_version=\u00a0\u00bb4.16&Prime; _module_preset=\u00a0\u00bbdefault\u00a0\u00bb global_colors_info=\u00a0\u00bb{}\u00a0\u00bb][et_pb_text _builder_version=\u00a0\u00bb4.24.2&Prime; _module_preset=\u00a0\u00bbdefault\u00a0\u00bb text_font=\u00a0\u00bb||||||||\u00a0\u00bb text_font_size=\u00a0\u00bb30px\u00a0\u00bb text_orientation=\u00a0\u00bbcenter\u00a0\u00bb global_colors_info=\u00a0\u00bb{}\u00a0\u00bb]<\/p>\n<blockquote>\n<p style=\"text-align: left;\">Intime<\/p>\n<\/blockquote>\n<p>[\/et_pb_text][\/et_pb_column][\/et_pb_row][\/et_pb_section][et_pb_section fb_built=\u00a0\u00bb1&Prime; _builder_version=\u00a0\u00bb4.20.2&Prime; _module_preset=\u00a0\u00bbdefault\u00a0\u00bb global_colors_info=\u00a0\u00bb{}\u00a0\u00bb][et_pb_row _builder_version=\u00a0\u00bb4.24.2&Prime; _module_preset=\u00a0\u00bbdefault\u00a0\u00bb border_color_top=\u00a0\u00bbrgba(0,0,0,0.39)\u00a0\u00bb global_colors_info=\u00a0\u00bb{}\u00a0\u00bb][et_pb_column type=\u00a0\u00bb4_4&Prime; _builder_version=\u00a0\u00bb4.20.2&Prime; _module_preset=\u00a0\u00bbdefault\u00a0\u00bb global_colors_info=\u00a0\u00bb{}\u00a0\u00bb][et_pb_text _builder_version=\u00a0\u00bb4.27.4&Prime; _module_preset=\u00a0\u00bbdefault\u00a0\u00bb width=\u00a0\u00bb100%\u00a0\u00bb module_alignment=\u00a0\u00bbcenter\u00a0\u00bb hover_enabled=\u00a0\u00bb0&Prime; global_colors_info=\u00a0\u00bb{}\u00a0\u00bb sticky_enabled=\u00a0\u00bb0&Prime;]<\/p>\n<p>La photographie est un art.<\/p>\n<p>Il est parfois bon de le laisser s&rsquo;exprimer pleinement. Cest le cas de ces 3 volets de mon travail qui vont toucher l&rsquo;\u00e2me.<\/p>\n<p>Le clich\u00e9 s&rsquo;\u00e9loigne d&rsquo;un attendu commercial classique mais propose un portrait artistique de votre moi int\u00e9rieur.<\/p>\n<p>Il peut aussi \u00eatre tr\u00e8s subtilement m\u00eal\u00e9 \u00e0 la num\u00e9rologie dans une approche de d\u00e9couverte de soi.<\/p>\n<p>[\/et_pb_text][\/et_pb_column][\/et_pb_row][\/et_pb_section][et_pb_section fb_built=\u00a0\u00bb1&Prime; _builder_version=\u00a0\u00bb4.20.2&Prime; _module_preset=\u00a0\u00bbdefault\u00a0\u00bb global_colors_info=\u00a0\u00bb{}\u00a0\u00bb][et_pb_row _builder_version=\u00a0\u00bb4.20.2&Prime; _module_preset=\u00a0\u00bbdefault\u00a0\u00bb global_colors_info=\u00a0\u00bb{}\u00a0\u00bb][et_pb_column type=\u00a0\u00bb4_4&Prime; _builder_version=\u00a0\u00bb4.20.2&Prime; _module_preset=\u00a0\u00bbdefault\u00a0\u00bb global_colors_info=\u00a0\u00bb{}\u00a0\u00bb][et_pb_image src=\u00a0\u00bbhttp:\/\/artekoa.fr\/numerologie\/wp-content\/uploads\/2023\/03\/4S6B8608BD.jpg\u00a0\u00bb title_text=\u00a0\u00bb4S6B8608BD\u00a0\u00bb url=\u00a0\u00bbhttp:\/\/artekoa.fr\/numerologie\/improvisation\/?et_fb=1&#038;PageSpeed=off\u00a0\u00bb use_overlay=\u00a0\u00bbon\u00a0\u00bb overlay_icon_color=\u00a0\u00bb#FFFFFF\u00a0\u00bb hover_overlay_color=\u00a0\u00bbrgba(255,255,255,0.5)\u00a0\u00bb hover_icon=\u00a0\u00bb&#xf083;||fa||900&Prime; align=\u00a0\u00bbcenter\u00a0\u00bb _builder_version=\u00a0\u00bb4.24.2&Prime; _module_preset=\u00a0\u00bbdefault\u00a0\u00bb global_colors_info=\u00a0\u00bb{}\u00a0\u00bb src__hover_enabled=\u00a0\u00bbon|hover\u00a0\u00bb src__hover=\u00a0\u00bbhttp:\/\/artekoa.fr\/numerologie\/wp-content\/uploads\/2023\/03\/4S6B8608BD.jpg\u00a0\u00bb][\/et_pb_image][\/et_pb_column][\/et_pb_row][\/et_pb_section][et_pb_section fb_built=\u00a0\u00bb1&Prime; _builder_version=\u00a0\u00bb4.20.2&Prime; _module_preset=\u00a0\u00bbdefault\u00a0\u00bb global_colors_info=\u00a0\u00bb{}\u00a0\u00bb][et_pb_row _builder_version=\u00a0\u00bb4.20.2&Prime; _module_preset=\u00a0\u00bbdefault\u00a0\u00bb global_colors_info=\u00a0\u00bb{}\u00a0\u00bb][et_pb_column type=\u00a0\u00bb4_4&Prime; _builder_version=\u00a0\u00bb4.20.2&Prime; _module_preset=\u00a0\u00bbdefault\u00a0\u00bb global_colors_info=\u00a0\u00bb{}\u00a0\u00bb][et_pb_image src=\u00a0\u00bbhttp:\/\/artekoa.fr\/numerologie\/wp-content\/uploads\/2023\/03\/6Y6A2150bd.jpg\u00a0\u00bb title_text=\u00a0\u00bb6Y6A2150bd\u00a0\u00bb url=\u00a0\u00bbhttp:\/\/artekoa.fr\/numerologie\/introspection\/?et_fb=1&#038;PageSpeed=off\u00a0\u00bb use_overlay=\u00a0\u00bbon\u00a0\u00bb overlay_icon_color=\u00a0\u00bb#FFFFFF\u00a0\u00bb hover_overlay_color=\u00a0\u00bbrgba(255,255,255,0.5)\u00a0\u00bb hover_icon=\u00a0\u00bb&#xf083;||fa||900&Prime; align=\u00a0\u00bbcenter\u00a0\u00bb _builder_version=\u00a0\u00bb4.27.4&Prime; _module_preset=\u00a0\u00bbdefault\u00a0\u00bb hover_enabled=\u00a0\u00bb0&Prime; global_colors_info=\u00a0\u00bb{}\u00a0\u00bb src__hover_enabled=\u00a0\u00bbon|desktop\u00a0\u00bb src__hover=\u00a0\u00bbhttps:\/\/artekoa.fr\/numerologie\/wp-content\/uploads\/2023\/03\/6Y6A2150bd.jpg\u00a0\u00bb sticky_enabled=\u00a0\u00bb0&Prime;][\/et_pb_image][\/et_pb_column][\/et_pb_row][\/et_pb_section][et_pb_section fb_built=\u00a0\u00bb1&Prime; _builder_version=\u00a0\u00bb4.20.2&Prime; _module_preset=\u00a0\u00bbdefault\u00a0\u00bb global_colors_info=\u00a0\u00bb{}\u00a0\u00bb][et_pb_row _builder_version=\u00a0\u00bb4.20.2&Prime; _module_preset=\u00a0\u00bbdefault\u00a0\u00bb global_colors_info=\u00a0\u00bb{}\u00a0\u00bb][et_pb_column type=\u00a0\u00bb4_4&Prime; _builder_version=\u00a0\u00bb4.20.2&Prime; _module_preset=\u00a0\u00bbdefault\u00a0\u00bb global_colors_info=\u00a0\u00bb{}\u00a0\u00bb][et_pb_image src=\u00a0\u00bbhttps:\/\/artekoa.fr\/numerologie\/wp-content\/uploads\/2024\/02\/6Y6A1911bd-scaled.jpg\u00a0\u00bb title_text=\u00a0\u00bb6Y6A1911bd\u00a0\u00bb url=\u00a0\u00bbhttps:\/\/artekoa.fr\/numerologie\/esquisse-de-soi\/\u00a0\u00bb use_overlay=\u00a0\u00bbon\u00a0\u00bb overlay_icon_color=\u00a0\u00bb#FFFFFF\u00a0\u00bb hover_overlay_color=\u00a0\u00bbrgba(255,255,255,0.5)\u00a0\u00bb hover_icon=\u00a0\u00bb&#xf083;||fa||900&Prime; align=\u00a0\u00bbcenter\u00a0\u00bb _builder_version=\u00a0\u00bb4.27.4&Prime; _module_preset=\u00a0\u00bbdefault\u00a0\u00bb hover_enabled=\u00a0\u00bb0&Prime; global_colors_info=\u00a0\u00bb{}\u00a0\u00bb src__hover_enabled=\u00a0\u00bbon|hover\u00a0\u00bb src__hover=\u00a0\u00bbhttps:\/\/artekoa.fr\/numerologie\/wp-content\/uploads\/2024\/02\/6Y6A1911bd-scaled.jpg\u00a0\u00bb sticky_enabled=\u00a0\u00bb0&Prime;][\/et_pb_image][\/et_pb_column][\/et_pb_row][\/et_pb_section]<\/p>\n","protected":false},"excerpt":{"rendered":"<p>Intime La photographie est un art. Il est parfois bon de le laisser s&rsquo;exprimer pleinement. Cest le cas de ces 3 volets de mon travail qui vont toucher l&rsquo;\u00e2me. Le [&hellip;]<\/p>\n","protected":false},"author":1,"featured_media":0,"parent":0,"menu_order":0,"comment_status":"closed","ping_status":"closed","template":"","meta":{"_et_pb_use_builder":"on","_et_pb_old_content":"<!-- wp:divi\/placeholder \/-->","_et_gb_content_width":"","footnotes":""},"class_list":["post-283","page","type-page","status-publish","hentry"],"yoast_head":"<!-- This site is optimized with the Yoast SEO plugin v22.3 - https:\/\/yoast.com\/wordpress\/plugins\/seo\/ -->\n<title>L&#039;intime - artekoa<\/title>\n<meta name=\"robots\" content=\"index, follow, max-snippet:-1, max-image-preview:large, max-video-preview:-1\" \/>\n<link rel=\"canonical\" href=\"https:\/\/artekoa.fr\/numerologie\/lintime\/\" \/>\n<meta property=\"og:locale\" content=\"fr_FR\" \/>\n<meta property=\"og:type\" content=\"article\" \/>\n<meta property=\"og:title\" content=\"L&#039;intime - artekoa\" \/>\n<meta property=\"og:description\" content=\"Intime La photographie est un art. Il est parfois bon de le laisser s&#039;exprimer pleinement. Cest le cas de ces 3 volets de mon travail qui vont toucher l&#039;\u00e2me. Le [&hellip;]\" \/>\n<meta property=\"og:url\" content=\"https:\/\/artekoa.fr\/numerologie\/lintime\/\" \/>\n<meta property=\"og:site_name\" content=\"artekoa\" \/>\n<meta property=\"article:modified_time\" content=\"2025-04-25T14:30:47+00:00\" \/>\n<meta name=\"twitter:card\" content=\"summary_large_image\" \/>\n<meta name=\"twitter:label1\" content=\"Dur\u00e9e de lecture estim\u00e9e\" \/>\n\t<meta name=\"twitter:data1\" content=\"3 minutes\" \/>\n<script type=\"application\/ld+json\" class=\"yoast-schema-graph\">{\"@context\":\"https:\/\/schema.org\",\"@graph\":[{\"@type\":\"WebPage\",\"@id\":\"https:\/\/artekoa.fr\/numerologie\/lintime\/\",\"url\":\"https:\/\/artekoa.fr\/numerologie\/lintime\/\",\"name\":\"L'intime - artekoa\",\"isPartOf\":{\"@id\":\"https:\/\/artekoa.fr\/numerologie\/#website\"},\"datePublished\":\"2023-03-17T13:16:06+00:00\",\"dateModified\":\"2025-04-25T14:30:47+00:00\",\"breadcrumb\":{\"@id\":\"https:\/\/artekoa.fr\/numerologie\/lintime\/#breadcrumb\"},\"inLanguage\":\"fr-FR\",\"potentialAction\":[{\"@type\":\"ReadAction\",\"target\":[\"https:\/\/artekoa.fr\/numerologie\/lintime\/\"]}]},{\"@type\":\"BreadcrumbList\",\"@id\":\"https:\/\/artekoa.fr\/numerologie\/lintime\/#breadcrumb\",\"itemListElement\":[{\"@type\":\"ListItem\",\"position\":1,\"name\":\"Accueil\",\"item\":\"https:\/\/artekoa.fr\/numerologie\/\"},{\"@type\":\"ListItem\",\"position\":2,\"name\":\"L&rsquo;intime\"}]},{\"@type\":\"WebSite\",\"@id\":\"https:\/\/artekoa.fr\/numerologie\/#website\",\"url\":\"https:\/\/artekoa.fr\/numerologie\/\",\"name\":\"artekoa\",\"description\":\"Photographe et num\u00e9rologue\",\"potentialAction\":[{\"@type\":\"SearchAction\",\"target\":{\"@type\":\"EntryPoint\",\"urlTemplate\":\"https:\/\/artekoa.fr\/numerologie\/?s={search_term_string}\"},\"query-input\":\"required name=search_term_string\"}],\"inLanguage\":\"fr-FR\"}]}<\/script>\n<!-- \/ Yoast SEO plugin. -->","yoast_head_json":{"title":"L'intime - artekoa","robots":{"index":"index","follow":"follow","max-snippet":"max-snippet:-1","max-image-preview":"max-image-preview:large","max-video-preview":"max-video-preview:-1"},"canonical":"https:\/\/artekoa.fr\/numerologie\/lintime\/","og_locale":"fr_FR","og_type":"article","og_title":"L'intime - artekoa","og_description":"Intime La photographie est un art. Il est parfois bon de le laisser s'exprimer pleinement. Cest le cas de ces 3 volets de mon travail qui vont toucher l'\u00e2me. Le [&hellip;]","og_url":"https:\/\/artekoa.fr\/numerologie\/lintime\/","og_site_name":"artekoa","article_modified_time":"2025-04-25T14:30:47+00:00","twitter_card":"summary_large_image","twitter_misc":{"Dur\u00e9e de lecture estim\u00e9e":"3 minutes"},"schema":{"@context":"https:\/\/schema.org","@graph":[{"@type":"WebPage","@id":"https:\/\/artekoa.fr\/numerologie\/lintime\/","url":"https:\/\/artekoa.fr\/numerologie\/lintime\/","name":"L'intime - artekoa","isPartOf":{"@id":"https:\/\/artekoa.fr\/numerologie\/#website"},"datePublished":"2023-03-17T13:16:06+00:00","dateModified":"2025-04-25T14:30:47+00:00","breadcrumb":{"@id":"https:\/\/artekoa.fr\/numerologie\/lintime\/#breadcrumb"},"inLanguage":"fr-FR","potentialAction":[{"@type":"ReadAction","target":["https:\/\/artekoa.fr\/numerologie\/lintime\/"]}]},{"@type":"BreadcrumbList","@id":"https:\/\/artekoa.fr\/numerologie\/lintime\/#breadcrumb","itemListElement":[{"@type":"ListItem","position":1,"name":"Accueil","item":"https:\/\/artekoa.fr\/numerologie\/"},{"@type":"ListItem","position":2,"name":"L&rsquo;intime"}]},{"@type":"WebSite","@id":"https:\/\/artekoa.fr\/numerologie\/#website","url":"https:\/\/artekoa.fr\/numerologie\/","name":"artekoa","description":"Photographe et num\u00e9rologue","potentialAction":[{"@type":"SearchAction","target":{"@type":"EntryPoint","urlTemplate":"https:\/\/artekoa.fr\/numerologie\/?s={search_term_string}"},"query-input":"required name=search_term_string"}],"inLanguage":"fr-FR"}]}},"_links":{"self":[{"href":"https:\/\/artekoa.fr\/numerologie\/wp-json\/wp\/v2\/pages\/283","targetHints":{"allow":["GET"]}}],"collection":[{"href":"https:\/\/artekoa.fr\/numerologie\/wp-json\/wp\/v2\/pages"}],"about":[{"href":"https:\/\/artekoa.fr\/numerologie\/wp-json\/wp\/v2\/types\/page"}],"author":[{"embeddable":true,"href":"https:\/\/artekoa.fr\/numerologie\/wp-json\/wp\/v2\/users\/1"}],"replies":[{"embeddable":true,"href":"https:\/\/artekoa.fr\/numerologie\/wp-json\/wp\/v2\/comments?post=283"}],"version-history":[{"count":23,"href":"https:\/\/artekoa.fr\/numerologie\/wp-json\/wp\/v2\/pages\/283\/revisions"}],"predecessor-version":[{"id":2233,"href":"https:\/\/artekoa.fr\/numerologie\/wp-json\/wp\/v2\/pages\/283\/revisions\/2233"}],"wp:attachment":[{"href":"https:\/\/artekoa.fr\/numerologie\/wp-json\/wp\/v2\/media?parent=283"}],"curies":[{"name":"wp","href":"https:\/\/api.w.org\/{rel}","templated":true}]}}