{"id":2207,"date":"2025-04-24T16:21:52","date_gmt":"2025-04-24T14:21:52","guid":{"rendered":"https:\/\/artekoa.fr\/numerologie\/?page_id=2207"},"modified":"2025-04-24T16:24:22","modified_gmt":"2025-04-24T14:24:22","slug":"ateliers","status":"publish","type":"page","link":"https:\/\/artekoa.fr\/numerologie\/ateliers\/","title":{"rendered":"Ateliers"},"content":{"rendered":"<p>[et_pb_section fb_built=\u00a0\u00bb1&Prime; admin_label=\u00a0\u00bbsection\u00a0\u00bb _builder_version=\u00a0\u00bb4.16&Prime; min_height=\u00a0\u00bb168px\u00a0\u00bb height=\u00a0\u00bb1000px\u00a0\u00bb max_height=\u00a0\u00bb100px\u00a0\u00bb global_colors_info=\u00a0\u00bb{}\u00a0\u00bb theme_builder_area=\u00a0\u00bbpost_content\u00a0\u00bb][et_pb_row _builder_version=\u00a0\u00bb4.16&Prime; _module_preset=\u00a0\u00bbdefault\u00a0\u00bb global_colors_info=\u00a0\u00bb{}\u00a0\u00bb theme_builder_area=\u00a0\u00bbpost_content\u00a0\u00bb][et_pb_column type=\u00a0\u00bb4_4&Prime; _builder_version=\u00a0\u00bb4.16&Prime; _module_preset=\u00a0\u00bbdefault\u00a0\u00bb global_colors_info=\u00a0\u00bb{}\u00a0\u00bb theme_builder_area=\u00a0\u00bbpost_content\u00a0\u00bb][et_pb_text _builder_version=\u00a0\u00bb4.27.4&Prime; _module_preset=\u00a0\u00bbdefault\u00a0\u00bb text_font=\u00a0\u00bb||||||||\u00a0\u00bb text_font_size=\u00a0\u00bb30px\u00a0\u00bb text_orientation=\u00a0\u00bbcenter\u00a0\u00bb hover_enabled=\u00a0\u00bb0&Prime; global_colors_info=\u00a0\u00bb{}\u00a0\u00bb theme_builder_area=\u00a0\u00bbpost_content\u00a0\u00bb sticky_enabled=\u00a0\u00bb0&Prime;]<\/p>\n<blockquote>\n<p style=\"text-align: left;\">Les ateliers<\/p>\n<\/blockquote>\n<p>[\/et_pb_text][\/et_pb_column][\/et_pb_row][\/et_pb_section][et_pb_section fb_built=\u00a0\u00bb1&Prime; _builder_version=\u00a0\u00bb4.24.2&Prime; _module_preset=\u00a0\u00bbdefault\u00a0\u00bb background_color=\u00a0\u00bb#FFFFFF\u00a0\u00bb background_enable_image=\u00a0\u00bboff\u00a0\u00bb global_colors_info=\u00a0\u00bb{}\u00a0\u00bb theme_builder_area=\u00a0\u00bbpost_content\u00a0\u00bb][et_pb_row column_structure=\u00a0\u00bb1_2,1_2&Prime; make_equal=\u00a0\u00bbon\u00a0\u00bb _builder_version=\u00a0\u00bb4.27.4&Prime; _module_preset=\u00a0\u00bbdefault\u00a0\u00bb custom_padding=\u00a0\u00bb47px|||||\u00a0\u00bb custom_css_main_element=\u00a0\u00bbalign-items: center;||||\u00a0\u00bb global_colors_info=\u00a0\u00bb{}\u00a0\u00bb theme_builder_area=\u00a0\u00bbpost_content\u00a0\u00bb][et_pb_column type=\u00a0\u00bb1_2&Prime; _builder_version=\u00a0\u00bb4.24.2&Prime; _module_preset=\u00a0\u00bbdefault\u00a0\u00bb global_colors_info=\u00a0\u00bb{}\u00a0\u00bb theme_builder_area=\u00a0\u00bbpost_content\u00a0\u00bb][et_pb_text _builder_version=\u00a0\u00bb4.27.4&Prime; _module_preset=\u00a0\u00bbdefault\u00a0\u00bb hover_enabled=\u00a0\u00bb0&Prime; global_colors_info=\u00a0\u00bb{}\u00a0\u00bb theme_builder_area=\u00a0\u00bbpost_content\u00a0\u00bb sticky_enabled=\u00a0\u00bb0&Prime;]<\/p>\n<p>Peut-\u00eatre n&rsquo;\u00eates-vous pas encore pr\u00eat \u00e0 vous offrir un th\u00e8me en num\u00e9rologie ni m\u00eame \u00e0 tenter l&rsquo;exp\u00e9rience de la s\u00e9ance <a href=\"https:\/\/artekoa.fr\/numerologie\/esquisse-de-soi\/\">\u00ab\u00a0Esquisse de soi\u00a0\u00bb<\/a> qui m\u00e9lange photographie et num\u00e9rologie.<\/p>\n<p>L&rsquo;atelier est d\u00e8s lors une bonne alternative !<\/p>\n<p>Une fois par mois, je propose de r\u00e9unir un petit groupe de personnes pour un atelier de d\u00e9couverte de la num\u00e9rologie.<\/p>\n<p>J&rsquo;y aborde les grandes lignes de la pratique et surtout la symbolique des nombres et ce en interaction avec vous au regard de 3 de vos propres nombres calcul\u00e9s par vos soins en d\u00e9but de s\u00e9ance.<\/p>\n<p>\u00c0 l&rsquo;appui de cartes imag\u00e9es cr\u00e9\u00e9es par mes soins, je vous invite \u00e0 illustrer vos ressentis et votre compr\u00e9hension de chaque nombre.<\/p>\n<p>La synergie du groupe fait \u00e9merger des v\u00e9rit\u00e9s, des subtilit\u00e9s et permet d\u00e9j\u00e0 d&rsquo;avancer, un pr\u00e9ambule \u00e0 une s\u00e9ance en priv\u00e9 !<\/p>\n<p>[\/et_pb_text][\/et_pb_column][et_pb_column type=\u00a0\u00bb1_2&Prime; _builder_version=\u00a0\u00bb4.27.4&Prime; _module_preset=\u00a0\u00bbdefault\u00a0\u00bb background_color=\u00a0\u00bb#ceccb5&Prime; global_colors_info=\u00a0\u00bb{}\u00a0\u00bb theme_builder_area=\u00a0\u00bbpost_content\u00a0\u00bb][et_pb_text _builder_version=\u00a0\u00bb4.27.4&Prime; _module_preset=\u00a0\u00bbdefault\u00a0\u00bb background_color=\u00a0\u00bb#ceccb5&Prime; global_colors_info=\u00a0\u00bb{}\u00a0\u00bb theme_builder_area=\u00a0\u00bbpost_content\u00a0\u00bb][\/et_pb_text][et_pb_heading title=\u00a0\u00bbTarif Atelier\u00a0\u00bb _builder_version=\u00a0\u00bb4.27.4&Prime; _module_preset=\u00a0\u00bbdefault\u00a0\u00bb title_text_align=\u00a0\u00bbleft\u00a0\u00bb title_text_color=\u00a0\u00bb#e25a3a\u00a0\u00bb title_font_size=\u00a0\u00bb25px\u00a0\u00bb width=\u00a0\u00bb80%\u00a0\u00bb module_alignment=\u00a0\u00bbcenter\u00a0\u00bb hover_enabled=\u00a0\u00bb0&Prime; global_colors_info=\u00a0\u00bb{}\u00a0\u00bb theme_builder_area=\u00a0\u00bbpost_content\u00a0\u00bb sticky_enabled=\u00a0\u00bb0&Prime;][\/et_pb_heading][et_pb_text _builder_version=\u00a0\u00bb4.27.4&Prime; _module_preset=\u00a0\u00bbdefault\u00a0\u00bb text_text_color=\u00a0\u00bb#000000&Prime; text_orientation=\u00a0\u00bbcenter\u00a0\u00bb width=\u00a0\u00bb80%\u00a0\u00bb module_alignment=\u00a0\u00bbcenter\u00a0\u00bb hover_enabled=\u00a0\u00bb0&Prime; global_colors_info=\u00a0\u00bb{}\u00a0\u00bb theme_builder_area=\u00a0\u00bbpost_content\u00a0\u00bb sticky_enabled=\u00a0\u00bb0&Prime;]<\/p>\n<p style=\"text-align: left;\">Pr\u00e9sentation de la num\u00e9rologie<\/p>\n<p style=\"text-align: left;\">Calcul de 3 de vos nombres<\/p>\n<p style=\"text-align: left;\">Pr\u00e9sentation de la technique de restitution d&rsquo;un th\u00e8me<\/p>\n<p style=\"text-align: left;\">Symbolique des nombres \/ \u00e9change avec les participants \/ illustrations<\/p>\n<p style=\"text-align: left;\">Surprise photographique !<\/p>\n<p style=\"text-align: left;\">Dur\u00e9e : 3h \/ pause au milieu<\/p>\n<p style=\"text-align: left;\">Lieu : \u00e0 confirmer chaque mois \/ cf Instagram<\/p>\n<p style=\"text-align: left;\"><strong>35 \u20ac\/personne<\/strong><\/p>\n<p>[\/et_pb_text][et_pb_text _builder_version=\u00a0\u00bb4.27.4&Prime; _module_preset=\u00a0\u00bbdefault\u00a0\u00bb background_color=\u00a0\u00bb#ceccb5&Prime; global_colors_info=\u00a0\u00bb{}\u00a0\u00bb theme_builder_area=\u00a0\u00bbpost_content\u00a0\u00bb][\/et_pb_text][\/et_pb_column][\/et_pb_row][\/et_pb_section]<\/p>\n","protected":false},"excerpt":{"rendered":"<p>Les ateliers Peut-\u00eatre n&rsquo;\u00eates-vous pas encore pr\u00eat \u00e0 vous offrir un th\u00e8me en num\u00e9rologie ni m\u00eame \u00e0 tenter l&rsquo;exp\u00e9rience de la s\u00e9ance \u00ab\u00a0Esquisse de soi\u00a0\u00bb qui m\u00e9lange photographie et num\u00e9rologie. [&hellip;]<\/p>\n","protected":false},"author":1,"featured_media":0,"parent":0,"menu_order":0,"comment_status":"closed","ping_status":"closed","template":"","meta":{"_et_pb_use_builder":"on","_et_pb_old_content":"","_et_gb_content_width":"","footnotes":""},"class_list":["post-2207","page","type-page","status-publish","hentry"],"yoast_head":"<!-- This site is optimized with the Yoast SEO plugin v22.3 - https:\/\/yoast.com\/wordpress\/plugins\/seo\/ -->\n<title>Ateliers - artekoa<\/title>\n<meta name=\"robots\" content=\"index, follow, max-snippet:-1, max-image-preview:large, max-video-preview:-1\" \/>\n<link rel=\"canonical\" href=\"https:\/\/artekoa.fr\/numerologie\/ateliers\/\" \/>\n<meta property=\"og:locale\" content=\"fr_FR\" \/>\n<meta property=\"og:type\" content=\"article\" \/>\n<meta property=\"og:title\" content=\"Ateliers - artekoa\" \/>\n<meta property=\"og:description\" content=\"Les ateliers Peut-\u00eatre n&#039;\u00eates-vous pas encore pr\u00eat \u00e0 vous offrir un th\u00e8me en num\u00e9rologie ni m\u00eame \u00e0 tenter l&#039;exp\u00e9rience de la s\u00e9ance &quot;Esquisse de soi&quot; qui m\u00e9lange photographie et num\u00e9rologie. [&hellip;]\" \/>\n<meta property=\"og:url\" content=\"https:\/\/artekoa.fr\/numerologie\/ateliers\/\" \/>\n<meta property=\"og:site_name\" content=\"artekoa\" \/>\n<meta property=\"article:modified_time\" content=\"2025-04-24T14:24:22+00:00\" \/>\n<meta name=\"twitter:card\" content=\"summary_large_image\" \/>\n<script type=\"application\/ld+json\" class=\"yoast-schema-graph\">{\"@context\":\"https:\/\/schema.org\",\"@graph\":[{\"@type\":\"WebPage\",\"@id\":\"https:\/\/artekoa.fr\/numerologie\/ateliers\/\",\"url\":\"https:\/\/artekoa.fr\/numerologie\/ateliers\/\",\"name\":\"Ateliers - artekoa\",\"isPartOf\":{\"@id\":\"https:\/\/artekoa.fr\/numerologie\/#website\"},\"datePublished\":\"2025-04-24T14:21:52+00:00\",\"dateModified\":\"2025-04-24T14:24:22+00:00\",\"breadcrumb\":{\"@id\":\"https:\/\/artekoa.fr\/numerologie\/ateliers\/#breadcrumb\"},\"inLanguage\":\"fr-FR\",\"potentialAction\":[{\"@type\":\"ReadAction\",\"target\":[\"https:\/\/artekoa.fr\/numerologie\/ateliers\/\"]}]},{\"@type\":\"BreadcrumbList\",\"@id\":\"https:\/\/artekoa.fr\/numerologie\/ateliers\/#breadcrumb\",\"itemListElement\":[{\"@type\":\"ListItem\",\"position\":1,\"name\":\"Accueil\",\"item\":\"https:\/\/artekoa.fr\/numerologie\/\"},{\"@type\":\"ListItem\",\"position\":2,\"name\":\"Ateliers\"}]},{\"@type\":\"WebSite\",\"@id\":\"https:\/\/artekoa.fr\/numerologie\/#website\",\"url\":\"https:\/\/artekoa.fr\/numerologie\/\",\"name\":\"artekoa\",\"description\":\"Photographe et num\u00e9rologue\",\"potentialAction\":[{\"@type\":\"SearchAction\",\"target\":{\"@type\":\"EntryPoint\",\"urlTemplate\":\"https:\/\/artekoa.fr\/numerologie\/?s={search_term_string}\"},\"query-input\":\"required name=search_term_string\"}],\"inLanguage\":\"fr-FR\"}]}<\/script>\n<!-- \/ Yoast SEO plugin. -->","yoast_head_json":{"title":"Ateliers - artekoa","robots":{"index":"index","follow":"follow","max-snippet":"max-snippet:-1","max-image-preview":"max-image-preview:large","max-video-preview":"max-video-preview:-1"},"canonical":"https:\/\/artekoa.fr\/numerologie\/ateliers\/","og_locale":"fr_FR","og_type":"article","og_title":"Ateliers - artekoa","og_description":"Les ateliers Peut-\u00eatre n'\u00eates-vous pas encore pr\u00eat \u00e0 vous offrir un th\u00e8me en num\u00e9rologie ni m\u00eame \u00e0 tenter l'exp\u00e9rience de la s\u00e9ance \"Esquisse de soi\" qui m\u00e9lange photographie et num\u00e9rologie. [&hellip;]","og_url":"https:\/\/artekoa.fr\/numerologie\/ateliers\/","og_site_name":"artekoa","article_modified_time":"2025-04-24T14:24:22+00:00","twitter_card":"summary_large_image","schema":{"@context":"https:\/\/schema.org","@graph":[{"@type":"WebPage","@id":"https:\/\/artekoa.fr\/numerologie\/ateliers\/","url":"https:\/\/artekoa.fr\/numerologie\/ateliers\/","name":"Ateliers - artekoa","isPartOf":{"@id":"https:\/\/artekoa.fr\/numerologie\/#website"},"datePublished":"2025-04-24T14:21:52+00:00","dateModified":"2025-04-24T14:24:22+00:00","breadcrumb":{"@id":"https:\/\/artekoa.fr\/numerologie\/ateliers\/#breadcrumb"},"inLanguage":"fr-FR","potentialAction":[{"@type":"ReadAction","target":["https:\/\/artekoa.fr\/numerologie\/ateliers\/"]}]},{"@type":"BreadcrumbList","@id":"https:\/\/artekoa.fr\/numerologie\/ateliers\/#breadcrumb","itemListElement":[{"@type":"ListItem","position":1,"name":"Accueil","item":"https:\/\/artekoa.fr\/numerologie\/"},{"@type":"ListItem","position":2,"name":"Ateliers"}]},{"@type":"WebSite","@id":"https:\/\/artekoa.fr\/numerologie\/#website","url":"https:\/\/artekoa.fr\/numerologie\/","name":"artekoa","description":"Photographe et num\u00e9rologue","potentialAction":[{"@type":"SearchAction","target":{"@type":"EntryPoint","urlTemplate":"https:\/\/artekoa.fr\/numerologie\/?s={search_term_string}"},"query-input":"required name=search_term_string"}],"inLanguage":"fr-FR"}]}},"_links":{"self":[{"href":"https:\/\/artekoa.fr\/numerologie\/wp-json\/wp\/v2\/pages\/2207","targetHints":{"allow":["GET"]}}],"collection":[{"href":"https:\/\/artekoa.fr\/numerologie\/wp-json\/wp\/v2\/pages"}],"about":[{"href":"https:\/\/artekoa.fr\/numerologie\/wp-json\/wp\/v2\/types\/page"}],"author":[{"embeddable":true,"href":"https:\/\/artekoa.fr\/numerologie\/wp-json\/wp\/v2\/users\/1"}],"replies":[{"embeddable":true,"href":"https:\/\/artekoa.fr\/numerologie\/wp-json\/wp\/v2\/comments?post=2207"}],"version-history":[{"count":4,"href":"https:\/\/artekoa.fr\/numerologie\/wp-json\/wp\/v2\/pages\/2207\/revisions"}],"predecessor-version":[{"id":2215,"href":"https:\/\/artekoa.fr\/numerologie\/wp-json\/wp\/v2\/pages\/2207\/revisions\/2215"}],"wp:attachment":[{"href":"https:\/\/artekoa.fr\/numerologie\/wp-json\/wp\/v2\/media?parent=2207"}],"curies":[{"name":"wp","href":"https:\/\/api.w.org\/{rel}","templated":true}]}}