{"id":2198,"date":"2025-04-24T15:23:54","date_gmt":"2025-04-24T13:23:54","guid":{"rendered":"https:\/\/artekoa.fr\/numerologie\/?page_id=2198"},"modified":"2025-04-24T16:40:36","modified_gmt":"2025-04-24T14:40:36","slug":"esquisse-de-soi","status":"publish","type":"page","link":"https:\/\/artekoa.fr\/numerologie\/esquisse-de-soi\/","title":{"rendered":"Esquisse de soi"},"content":{"rendered":"<p>[et_pb_section fb_built=\u00a0\u00bb1&Prime; admin_label=\u00a0\u00bbsection\u00a0\u00bb _builder_version=\u00a0\u00bb4.16&Prime; min_height=\u00a0\u00bb168px\u00a0\u00bb height=\u00a0\u00bb1000px\u00a0\u00bb max_height=\u00a0\u00bb100px\u00a0\u00bb global_colors_info=\u00a0\u00bb{}\u00a0\u00bb][et_pb_row _builder_version=\u00a0\u00bb4.16&Prime; _module_preset=\u00a0\u00bbdefault\u00a0\u00bb global_colors_info=\u00a0\u00bb{}\u00a0\u00bb][et_pb_column type=\u00a0\u00bb4_4&Prime; _builder_version=\u00a0\u00bb4.16&Prime; _module_preset=\u00a0\u00bbdefault\u00a0\u00bb global_colors_info=\u00a0\u00bb{}\u00a0\u00bb][et_pb_text _builder_version=\u00a0\u00bb4.27.4&Prime; _module_preset=\u00a0\u00bbdefault\u00a0\u00bb text_font=\u00a0\u00bb||||||||\u00a0\u00bb text_font_size=\u00a0\u00bb30px\u00a0\u00bb text_orientation=\u00a0\u00bbcenter\u00a0\u00bb global_colors_info=\u00a0\u00bb{}\u00a0\u00bb]<\/p>\n<blockquote>\n<p style=\"text-align: left;\">Esquisse de soi<\/p>\n<\/blockquote>\n<p>[\/et_pb_text][\/et_pb_column][\/et_pb_row][\/et_pb_section][et_pb_section fb_built=\u00a0\u00bb1&Prime; _builder_version=\u00a0\u00bb4.16&Prime; _module_preset=\u00a0\u00bbdefault\u00a0\u00bb global_colors_info=\u00a0\u00bb{}\u00a0\u00bb][et_pb_row _builder_version=\u00a0\u00bb4.24.2&Prime; _module_preset=\u00a0\u00bbdefault\u00a0\u00bb border_color_top=\u00a0\u00bbrgba(0,0,0,0.39)\u00a0\u00bb global_colors_info=\u00a0\u00bb{}\u00a0\u00bb][et_pb_column type=\u00a0\u00bb4_4&Prime; _builder_version=\u00a0\u00bb4.16&Prime; _module_preset=\u00a0\u00bbdefault\u00a0\u00bb global_colors_info=\u00a0\u00bb{}\u00a0\u00bb][et_pb_text _builder_version=\u00a0\u00bb4.27.4&Prime; _module_preset=\u00a0\u00bbdefault\u00a0\u00bb width=\u00a0\u00bb100%\u00a0\u00bb module_alignment=\u00a0\u00bbcenter\u00a0\u00bb hover_enabled=\u00a0\u00bb0&Prime; global_colors_info=\u00a0\u00bb{}\u00a0\u00bb sticky_enabled=\u00a0\u00bb0&Prime;]<\/p>\n<p>Et si nous allions encore un peu plus loin qu&rsquo;avec les s\u00e9ances \u00ab\u00a0introspection\u00a0\u00bb ?<\/p>\n<p>S&rsquo;il \u00e9tait possible de vivre une exp\u00e9rience double en m\u00ealant num\u00e9rologie et photographie ?<\/p>\n<p>C&rsquo;est ce que je vous propose avec les s\u00e9ances <a href=\"https:\/\/artekoa.fr\/numerologie\/tarifs\/\">\u00ab\u00a0Esquisse de soi\u00a0\u00bb<\/a> durant lesquelles je vous photographie tout en vous parlant de vous au travers de votre nombres.<\/p>\n<p>Un \u00e9change c\u00e9r\u00e9bral dans le mouvement et la cr\u00e9ativit\u00e9 !<\/p>\n<p>Un moment de reconnection \u00e0 soi analytique par le biais de la num\u00e9rologie mais \u00e9galement un l\u00e2cher prise corporel au travers de l&rsquo;exercice de la photographie.<\/p>\n<p>Laissez-vous tenter !<\/p>\n<p>[\/et_pb_text][\/et_pb_column][\/et_pb_row][et_pb_row _builder_version=\u00a0\u00bb4.16&Prime; _module_preset=\u00a0\u00bbdefault\u00a0\u00bb global_colors_info=\u00a0\u00bb{}\u00a0\u00bb][et_pb_column type=\u00a0\u00bb4_4&Prime; _builder_version=\u00a0\u00bb4.16&Prime; _module_preset=\u00a0\u00bbdefault\u00a0\u00bb global_colors_info=\u00a0\u00bb{}\u00a0\u00bb][et_pb_image src=\u00a0\u00bbhttps:\/\/artekoa.fr\/numerologie\/wp-content\/uploads\/2024\/02\/6Y6A1988bd-scaled.jpg\u00a0\u00bb title_text=\u00a0\u00bb6Y6A1988bd\u00a0\u00bb align=\u00a0\u00bbcenter\u00a0\u00bb force_fullwidth=\u00a0\u00bbon\u00a0\u00bb _builder_version=\u00a0\u00bb4.27.4&Prime; _module_preset=\u00a0\u00bbdefault\u00a0\u00bb global_colors_info=\u00a0\u00bb{}\u00a0\u00bb][\/et_pb_image][\/et_pb_column][\/et_pb_row][\/et_pb_section]<\/p>\n","protected":false},"excerpt":{"rendered":"<p>Esquisse de soi Et si nous allions encore un peu plus loin qu&rsquo;avec les s\u00e9ances \u00ab\u00a0introspection\u00a0\u00bb ? S&rsquo;il \u00e9tait possible de vivre une exp\u00e9rience double en m\u00ealant num\u00e9rologie et photographie [&hellip;]<\/p>\n","protected":false},"author":1,"featured_media":0,"parent":0,"menu_order":0,"comment_status":"closed","ping_status":"closed","template":"","meta":{"_et_pb_use_builder":"on","_et_pb_old_content":"","_et_gb_content_width":"","footnotes":""},"class_list":["post-2198","page","type-page","status-publish","hentry"],"yoast_head":"<!-- This site is optimized with the Yoast SEO plugin v22.3 - https:\/\/yoast.com\/wordpress\/plugins\/seo\/ -->\n<title>Esquisse de soi - artekoa<\/title>\n<meta name=\"robots\" content=\"index, follow, max-snippet:-1, max-image-preview:large, max-video-preview:-1\" \/>\n<link rel=\"canonical\" href=\"https:\/\/artekoa.fr\/numerologie\/esquisse-de-soi\/\" \/>\n<meta property=\"og:locale\" content=\"fr_FR\" \/>\n<meta property=\"og:type\" content=\"article\" \/>\n<meta property=\"og:title\" content=\"Esquisse de soi - artekoa\" \/>\n<meta property=\"og:description\" content=\"Esquisse de soi Et si nous allions encore un peu plus loin qu&#039;avec les s\u00e9ances &quot;introspection&quot; ? S&#039;il \u00e9tait possible de vivre une exp\u00e9rience double en m\u00ealant num\u00e9rologie et photographie [&hellip;]\" \/>\n<meta property=\"og:url\" content=\"https:\/\/artekoa.fr\/numerologie\/esquisse-de-soi\/\" \/>\n<meta property=\"og:site_name\" content=\"artekoa\" \/>\n<meta property=\"article:modified_time\" content=\"2025-04-24T14:40:36+00:00\" \/>\n<meta name=\"twitter:card\" content=\"summary_large_image\" \/>\n<script type=\"application\/ld+json\" class=\"yoast-schema-graph\">{\"@context\":\"https:\/\/schema.org\",\"@graph\":[{\"@type\":\"WebPage\",\"@id\":\"https:\/\/artekoa.fr\/numerologie\/esquisse-de-soi\/\",\"url\":\"https:\/\/artekoa.fr\/numerologie\/esquisse-de-soi\/\",\"name\":\"Esquisse de soi - artekoa\",\"isPartOf\":{\"@id\":\"https:\/\/artekoa.fr\/numerologie\/#website\"},\"datePublished\":\"2025-04-24T13:23:54+00:00\",\"dateModified\":\"2025-04-24T14:40:36+00:00\",\"breadcrumb\":{\"@id\":\"https:\/\/artekoa.fr\/numerologie\/esquisse-de-soi\/#breadcrumb\"},\"inLanguage\":\"fr-FR\",\"potentialAction\":[{\"@type\":\"ReadAction\",\"target\":[\"https:\/\/artekoa.fr\/numerologie\/esquisse-de-soi\/\"]}]},{\"@type\":\"BreadcrumbList\",\"@id\":\"https:\/\/artekoa.fr\/numerologie\/esquisse-de-soi\/#breadcrumb\",\"itemListElement\":[{\"@type\":\"ListItem\",\"position\":1,\"name\":\"Accueil\",\"item\":\"https:\/\/artekoa.fr\/numerologie\/\"},{\"@type\":\"ListItem\",\"position\":2,\"name\":\"Esquisse de soi\"}]},{\"@type\":\"WebSite\",\"@id\":\"https:\/\/artekoa.fr\/numerologie\/#website\",\"url\":\"https:\/\/artekoa.fr\/numerologie\/\",\"name\":\"artekoa\",\"description\":\"Photographe et num\u00e9rologue\",\"potentialAction\":[{\"@type\":\"SearchAction\",\"target\":{\"@type\":\"EntryPoint\",\"urlTemplate\":\"https:\/\/artekoa.fr\/numerologie\/?s={search_term_string}\"},\"query-input\":\"required name=search_term_string\"}],\"inLanguage\":\"fr-FR\"}]}<\/script>\n<!-- \/ Yoast SEO plugin. -->","yoast_head_json":{"title":"Esquisse de soi - artekoa","robots":{"index":"index","follow":"follow","max-snippet":"max-snippet:-1","max-image-preview":"max-image-preview:large","max-video-preview":"max-video-preview:-1"},"canonical":"https:\/\/artekoa.fr\/numerologie\/esquisse-de-soi\/","og_locale":"fr_FR","og_type":"article","og_title":"Esquisse de soi - artekoa","og_description":"Esquisse de soi Et si nous allions encore un peu plus loin qu'avec les s\u00e9ances \"introspection\" ? S'il \u00e9tait possible de vivre une exp\u00e9rience double en m\u00ealant num\u00e9rologie et photographie [&hellip;]","og_url":"https:\/\/artekoa.fr\/numerologie\/esquisse-de-soi\/","og_site_name":"artekoa","article_modified_time":"2025-04-24T14:40:36+00:00","twitter_card":"summary_large_image","schema":{"@context":"https:\/\/schema.org","@graph":[{"@type":"WebPage","@id":"https:\/\/artekoa.fr\/numerologie\/esquisse-de-soi\/","url":"https:\/\/artekoa.fr\/numerologie\/esquisse-de-soi\/","name":"Esquisse de soi - artekoa","isPartOf":{"@id":"https:\/\/artekoa.fr\/numerologie\/#website"},"datePublished":"2025-04-24T13:23:54+00:00","dateModified":"2025-04-24T14:40:36+00:00","breadcrumb":{"@id":"https:\/\/artekoa.fr\/numerologie\/esquisse-de-soi\/#breadcrumb"},"inLanguage":"fr-FR","potentialAction":[{"@type":"ReadAction","target":["https:\/\/artekoa.fr\/numerologie\/esquisse-de-soi\/"]}]},{"@type":"BreadcrumbList","@id":"https:\/\/artekoa.fr\/numerologie\/esquisse-de-soi\/#breadcrumb","itemListElement":[{"@type":"ListItem","position":1,"name":"Accueil","item":"https:\/\/artekoa.fr\/numerologie\/"},{"@type":"ListItem","position":2,"name":"Esquisse de soi"}]},{"@type":"WebSite","@id":"https:\/\/artekoa.fr\/numerologie\/#website","url":"https:\/\/artekoa.fr\/numerologie\/","name":"artekoa","description":"Photographe et num\u00e9rologue","potentialAction":[{"@type":"SearchAction","target":{"@type":"EntryPoint","urlTemplate":"https:\/\/artekoa.fr\/numerologie\/?s={search_term_string}"},"query-input":"required name=search_term_string"}],"inLanguage":"fr-FR"}]}},"_links":{"self":[{"href":"https:\/\/artekoa.fr\/numerologie\/wp-json\/wp\/v2\/pages\/2198","targetHints":{"allow":["GET"]}}],"collection":[{"href":"https:\/\/artekoa.fr\/numerologie\/wp-json\/wp\/v2\/pages"}],"about":[{"href":"https:\/\/artekoa.fr\/numerologie\/wp-json\/wp\/v2\/types\/page"}],"author":[{"embeddable":true,"href":"https:\/\/artekoa.fr\/numerologie\/wp-json\/wp\/v2\/users\/1"}],"replies":[{"embeddable":true,"href":"https:\/\/artekoa.fr\/numerologie\/wp-json\/wp\/v2\/comments?post=2198"}],"version-history":[{"count":5,"href":"https:\/\/artekoa.fr\/numerologie\/wp-json\/wp\/v2\/pages\/2198\/revisions"}],"predecessor-version":[{"id":2217,"href":"https:\/\/artekoa.fr\/numerologie\/wp-json\/wp\/v2\/pages\/2198\/revisions\/2217"}],"wp:attachment":[{"href":"https:\/\/artekoa.fr\/numerologie\/wp-json\/wp\/v2\/media?parent=2198"}],"curies":[{"name":"wp","href":"https:\/\/api.w.org\/{rel}","templated":true}]}}