{"id":2178,"date":"2025-04-24T14:36:31","date_gmt":"2025-04-24T12:36:31","guid":{"rendered":"https:\/\/artekoa.fr\/numerologie\/?page_id=2178"},"modified":"2025-11-12T16:17:51","modified_gmt":"2025-11-12T15:17:51","slug":"tarifs","status":"publish","type":"page","link":"https:\/\/artekoa.fr\/numerologie\/tarifs\/","title":{"rendered":"Tarifs"},"content":{"rendered":"<p>[et_pb_section fb_built=\u00a0\u00bb1&Prime; admin_label=\u00a0\u00bbsection\u00a0\u00bb _builder_version=\u00a0\u00bb4.16&Prime; min_height=\u00a0\u00bb168px\u00a0\u00bb height=\u00a0\u00bb1000px\u00a0\u00bb max_height=\u00a0\u00bb100px\u00a0\u00bb global_colors_info=\u00a0\u00bb{}\u00a0\u00bb][et_pb_row _builder_version=\u00a0\u00bb4.16&Prime; _module_preset=\u00a0\u00bbdefault\u00a0\u00bb global_colors_info=\u00a0\u00bb{}\u00a0\u00bb][et_pb_column type=\u00a0\u00bb4_4&Prime; _builder_version=\u00a0\u00bb4.16&Prime; _module_preset=\u00a0\u00bbdefault\u00a0\u00bb global_colors_info=\u00a0\u00bb{}\u00a0\u00bb][et_pb_text _builder_version=\u00a0\u00bb4.27.4&Prime; _module_preset=\u00a0\u00bbdefault\u00a0\u00bb text_font=\u00a0\u00bb||||||||\u00a0\u00bb text_font_size=\u00a0\u00bb30px\u00a0\u00bb text_orientation=\u00a0\u00bbcenter\u00a0\u00bb global_colors_info=\u00a0\u00bb{}\u00a0\u00bb]<\/p>\n<blockquote>\n<p style=\"text-align: left;\">Les tarifs<\/p>\n<\/blockquote>\n<p>[\/et_pb_text][\/et_pb_column][\/et_pb_row][\/et_pb_section][et_pb_section fb_built=\u00a0\u00bb1&Prime; _builder_version=\u00a0\u00bb4.27.4&Prime; _module_preset=\u00a0\u00bbdefault\u00a0\u00bb background_color=\u00a0\u00bb#FFFFFF\u00a0\u00bb global_colors_info=\u00a0\u00bb{}\u00a0\u00bb][et_pb_row column_structure=\u00a0\u00bb1_2,1_2&Prime; make_equal=\u00a0\u00bbon\u00a0\u00bb _builder_version=\u00a0\u00bb4.27.4&Prime; _module_preset=\u00a0\u00bbdefault\u00a0\u00bb custom_padding=\u00a0\u00bb47px|||||\u00a0\u00bb custom_css_main_element=\u00a0\u00bbalign-items: center;||||\u00a0\u00bb global_colors_info=\u00a0\u00bb{}\u00a0\u00bb][et_pb_column type=\u00a0\u00bb1_2&Prime; _builder_version=\u00a0\u00bb4.24.2&Prime; _module_preset=\u00a0\u00bbdefault\u00a0\u00bb global_colors_info=\u00a0\u00bb{}\u00a0\u00bb][et_pb_text _builder_version=\u00a0\u00bb4.27.4&Prime; _module_preset=\u00a0\u00bbdefault\u00a0\u00bb global_colors_info=\u00a0\u00bb{}\u00a0\u00bb]<\/p>\n<p>La num\u00e9rologie est une technique de d\u00e9veloppement personnel, un outil pour apprendre \u00e0 se connaitre, \u00e0 envisager nos potentiels mais aussi \u00e0 d\u00e9tecter nos freins, \u00e0 r\u00e9v\u00e9ler nos ambivalences et \u00e0 identifier nos comportements p\u00e9nalisants.\u00a0<\/p>\n<p>Elle permet de comprendre comment les \u00e9nergies du temps (\u00e0 l&rsquo;\u00e9chelle de 10 ans, \u00e0 l&rsquo;\u00e9chelle de l&rsquo;ann\u00e9e &#8230;) influencent notre vie et notre \u00e9tat d&rsquo;esprit.\u00a0<\/p>\n<p>La restitution de votre th\u00e8me en num\u00e9rologie permet, outre le fait d&rsquo;identifier tous ces points, de surtout vous aider \u00e0 \u00a0les comprendre et \u00e0 apporter des solutions concr\u00e8tes pour appr\u00e9hender la vie consciemment.\u00a0<\/p>\n<p>[\/et_pb_text][\/et_pb_column][et_pb_column type=\u00a0\u00bb1_2&Prime; _builder_version=\u00a0\u00bb4.27.4&Prime; _module_preset=\u00a0\u00bbdefault\u00a0\u00bb background_color=\u00a0\u00bb#ceccb5&Prime; global_colors_info=\u00a0\u00bb{}\u00a0\u00bb][et_pb_text _builder_version=\u00a0\u00bb4.27.4&Prime; _module_preset=\u00a0\u00bbdefault\u00a0\u00bb background_color=\u00a0\u00bb#ceccb5&Prime; global_colors_info=\u00a0\u00bb{}\u00a0\u00bb][\/et_pb_text][et_pb_heading title=\u00a0\u00bbTarif Adulte\u00a0\u00bb _builder_version=\u00a0\u00bb4.27.4&Prime; _module_preset=\u00a0\u00bbdefault\u00a0\u00bb title_text_align=\u00a0\u00bbleft\u00a0\u00bb title_text_color=\u00a0\u00bb#e25a3a\u00a0\u00bb title_font_size=\u00a0\u00bb25px\u00a0\u00bb width=\u00a0\u00bb80%\u00a0\u00bb module_alignment=\u00a0\u00bbcenter\u00a0\u00bb global_colors_info=\u00a0\u00bb{}\u00a0\u00bb][\/et_pb_heading][et_pb_text _builder_version=\u00a0\u00bb4.27.4&Prime; _module_preset=\u00a0\u00bbdefault\u00a0\u00bb text_text_color=\u00a0\u00bb#000000&Prime; text_orientation=\u00a0\u00bbcenter\u00a0\u00bb width=\u00a0\u00bb80%\u00a0\u00bb module_alignment=\u00a0\u00bbcenter\u00a0\u00bb hover_enabled=\u00a0\u00bb0&Prime; global_colors_info=\u00a0\u00bb{}\u00a0\u00bb sticky_enabled=\u00a0\u00bb0&Prime;]<\/p>\n<p style=\"text-align: left;\">D\u00e9cryptage des nombres de vos diff\u00e9rentes identit\u00e9s (civile et sociale(s)) : la partie \u00ab\u00a0structurelle\u00a0\u00bb<\/p>\n<p style=\"text-align: left;\">D\u00e9cryptage des nombres li\u00e9s \u00e0 votre date de naissance : la partie \u00ab\u00a0essentielle\u00a0\u00bb<\/p>\n<p style=\"text-align: left;\">D\u00e9cryptage de votre temporalit\u00e9<\/p>\n<p style=\"text-align: left;\">Dur\u00e9e (2h)<\/p>\n<p style=\"text-align: left;\">Lieu : Cambo les bains ou en visio<\/p>\n<p style=\"text-align: left;\"><strong>150 \u20ac<\/strong><\/p>\n<p>[\/et_pb_text][et_pb_text _builder_version=\u00a0\u00bb4.27.4&Prime; _module_preset=\u00a0\u00bbdefault\u00a0\u00bb background_color=\u00a0\u00bb#ceccb5&Prime; global_colors_info=\u00a0\u00bb{}\u00a0\u00bb][\/et_pb_text][\/et_pb_column][\/et_pb_row][et_pb_row _builder_version=\u00a0\u00bb4.27.4&Prime; _module_preset=\u00a0\u00bbdefault\u00a0\u00bb][et_pb_column _builder_version=\u00a0\u00bb4.27.4&Prime; _module_preset=\u00a0\u00bbdefault\u00a0\u00bb type=\u00a0\u00bb4_4&Prime;][et_pb_divider _builder_version=\u00a0\u00bb4.27.4&Prime; _module_preset=\u00a0\u00bbdefault\u00a0\u00bb hover_enabled=\u00a0\u00bb0&Prime; sticky_enabled=\u00a0\u00bb0&Prime;][\/et_pb_divider][\/et_pb_column][\/et_pb_row][\/et_pb_section][et_pb_section fb_built=\u00a0\u00bb1&Prime; _builder_version=\u00a0\u00bb4.27.4&Prime; _module_preset=\u00a0\u00bbdefault\u00a0\u00bb background_color=\u00a0\u00bb#FFFFFF\u00a0\u00bb global_colors_info=\u00a0\u00bb{}\u00a0\u00bb][et_pb_row column_structure=\u00a0\u00bb1_2,1_2&Prime; make_equal=\u00a0\u00bbon\u00a0\u00bb _builder_version=\u00a0\u00bb4.27.4&Prime; _module_preset=\u00a0\u00bbdefault\u00a0\u00bb custom_padding=\u00a0\u00bb47px|||||\u00a0\u00bb custom_css_main_element=\u00a0\u00bbalign-items: center;||||\u00a0\u00bb global_colors_info=\u00a0\u00bb{}\u00a0\u00bb][et_pb_column type=\u00a0\u00bb1_2&Prime; _builder_version=\u00a0\u00bb4.24.2&Prime; _module_preset=\u00a0\u00bbdefault\u00a0\u00bb global_colors_info=\u00a0\u00bb{}\u00a0\u00bb][et_pb_text _builder_version=\u00a0\u00bb4.27.4&Prime; _module_preset=\u00a0\u00bbdefault\u00a0\u00bb hover_enabled=\u00a0\u00bb0&Prime; global_colors_info=\u00a0\u00bb{}\u00a0\u00bb sticky_enabled=\u00a0\u00bb0&Prime;]<\/p>\n<p>Le suivi annuel consiste en l&rsquo;analyse des nombres li\u00e9s \u00e0 votre temporalit\u00e9 dans les 12 mois \u00e0 venir.<\/p>\n<p>Sur la base des \u00e9l\u00e9ments de votre personnalit\u00e9 et des grands cycles de votre temporalit\u00e9, j&rsquo;aborde plus en profondeur l&rsquo;\u00e9nergie de l&rsquo;ann\u00e9e en cours et \u00e0 venir (12 mois).\u00a0<\/p>\n<p>[\/et_pb_text][\/et_pb_column][et_pb_column type=\u00a0\u00bb1_2&Prime; _builder_version=\u00a0\u00bb4.27.4&Prime; _module_preset=\u00a0\u00bbdefault\u00a0\u00bb background_color=\u00a0\u00bb#ceccb5&Prime; global_colors_info=\u00a0\u00bb{}\u00a0\u00bb][et_pb_text _builder_version=\u00a0\u00bb4.27.4&Prime; _module_preset=\u00a0\u00bbdefault\u00a0\u00bb background_color=\u00a0\u00bb#ceccb5&Prime; global_colors_info=\u00a0\u00bb{}\u00a0\u00bb][\/et_pb_text][et_pb_heading title=\u00a0\u00bbSuivi Annuel\u00a0\u00bb _builder_version=\u00a0\u00bb4.27.4&Prime; _module_preset=\u00a0\u00bbdefault\u00a0\u00bb title_text_align=\u00a0\u00bbleft\u00a0\u00bb title_text_color=\u00a0\u00bb#e25a3a\u00a0\u00bb title_font_size=\u00a0\u00bb25px\u00a0\u00bb width=\u00a0\u00bb80%\u00a0\u00bb module_alignment=\u00a0\u00bbcenter\u00a0\u00bb hover_enabled=\u00a0\u00bb0&Prime; global_colors_info=\u00a0\u00bb{}\u00a0\u00bb sticky_enabled=\u00a0\u00bb0&Prime;][\/et_pb_heading][et_pb_text _builder_version=\u00a0\u00bb4.27.4&Prime; _module_preset=\u00a0\u00bbdefault\u00a0\u00bb text_text_color=\u00a0\u00bb#000000&Prime; text_orientation=\u00a0\u00bbcenter\u00a0\u00bb width=\u00a0\u00bb80%\u00a0\u00bb module_alignment=\u00a0\u00bbcenter\u00a0\u00bb hover_enabled=\u00a0\u00bb0&Prime; global_colors_info=\u00a0\u00bb{}\u00a0\u00bb sticky_enabled=\u00a0\u00bb0&Prime;]<\/p>\n<p style=\"text-align: left;\">D\u00e9cryptage de votre temporalit\u00e9 pour les 12 mois \u00e0 venir en reprenant les \u00e9galement les \u00e9l\u00e9ments de votre personnalit\u00e9.<\/p>\n<p style=\"text-align: left;\">Dur\u00e9e (1,5h)<\/p>\n<p style=\"text-align: left;\">Lieu : Cambo les bains ou en visio<\/p>\n<p style=\"text-align: left;\"><strong>130 \u20ac<\/strong><\/p>\n<p>[\/et_pb_text][et_pb_text _builder_version=\u00a0\u00bb4.27.4&Prime; _module_preset=\u00a0\u00bbdefault\u00a0\u00bb background_color=\u00a0\u00bb#ceccb5&Prime; global_colors_info=\u00a0\u00bb{}\u00a0\u00bb][\/et_pb_text][\/et_pb_column][\/et_pb_row][et_pb_row _builder_version=\u00a0\u00bb4.27.4&Prime; _module_preset=\u00a0\u00bbdefault\u00a0\u00bb][et_pb_column _builder_version=\u00a0\u00bb4.27.4&Prime; _module_preset=\u00a0\u00bbdefault\u00a0\u00bb type=\u00a0\u00bb4_4&Prime;][et_pb_divider _builder_version=\u00a0\u00bb4.27.4&Prime; _module_preset=\u00a0\u00bbdefault\u00a0\u00bb hover_enabled=\u00a0\u00bb0&Prime; sticky_enabled=\u00a0\u00bb0&Prime;][\/et_pb_divider][\/et_pb_column][\/et_pb_row][\/et_pb_section][et_pb_section fb_built=\u00a0\u00bb1&Prime; _builder_version=\u00a0\u00bb4.27.4&Prime; _module_preset=\u00a0\u00bbdefault\u00a0\u00bb background_color=\u00a0\u00bb#FFFFFF\u00a0\u00bb background_enable_image=\u00a0\u00bboff\u00a0\u00bb global_colors_info=\u00a0\u00bb{}\u00a0\u00bb][et_pb_row column_structure=\u00a0\u00bb1_2,1_2&Prime; make_equal=\u00a0\u00bbon\u00a0\u00bb _builder_version=\u00a0\u00bb4.27.4&Prime; _module_preset=\u00a0\u00bbdefault\u00a0\u00bb custom_css_main_element=\u00a0\u00bbalign-items: center;||||\u00a0\u00bb custom_css_free_form=\u00a0\u00bb||\u00a0\u00bb global_colors_info=\u00a0\u00bb{}\u00a0\u00bb][et_pb_column type=\u00a0\u00bb1_2&Prime; _builder_version=\u00a0\u00bb4.27.4&Prime; _module_preset=\u00a0\u00bbdefault\u00a0\u00bb background_color=\u00a0\u00bb#FFFFFF\u00a0\u00bb global_colors_info=\u00a0\u00bb{}\u00a0\u00bb][et_pb_text _builder_version=\u00a0\u00bb4.27.4&Prime; _module_preset=\u00a0\u00bbdefault\u00a0\u00bb text_font=\u00a0\u00bb||||||||\u00a0\u00bb width=\u00a0\u00bb100%\u00a0\u00bb module_alignment=\u00a0\u00bbcenter\u00a0\u00bb custom_css_main_element=\u00a0\u00bbalign-items: center;||||\u00a0\u00bb global_colors_info=\u00a0\u00bb{}\u00a0\u00bb]<\/p>\n<p>Cet outil performant de connaissance de soi est \u00e9galement tr\u00e8s puissant pour les jeunes qui se chechent, ou pas d&rsquo;aileurs !<\/p>\n<p>J&rsquo;ai coutume de leur dire quand je les rencontre que je ne sais pas s&rsquo;ils seront pompier, boulanger ou astronaute mais que je peux les aider \u00e0 faire en sorte qu&rsquo;ils se comprennent mieux et \u00e0 les rassurer.<\/p>\n<p>La base de l&rsquo;\u00e9tude est la m\u00eame que pour un adulte \u00e0 la diff\u00e9rence que le discours s&rsquo;adapte \u00e0 un adulte &#8230; en devenir.<\/p>\n<p>Chaque nombre de notre personnalit\u00e9 doit s&rsquo;\u00e9quilibrer dans une polarit\u00e9 neutre mais se vit la plupart du temps en \u00ab\u00a0trop\u00a0\u00bb ou en \u00ab\u00a0pas assez\u00a0\u00bb. Chez un jeune, l&rsquo;expression du nombre est bien souvent extr\u00eame dans un sens ou dans l&rsquo;autre. Et c&rsquo;est NORMAL. La restitution du th\u00e8me a pour but d&rsquo;expliquer, entre autre, cette notion de balancier et de donner des outils pour apprendre \u00e0 la r\u00e9-\u00e9qulibrer.<\/p>\n<p>Savoir jeune comment l&rsquo;on fonctionne fait gagner du temps !<\/p>\n<p>[\/et_pb_text][\/et_pb_column][et_pb_column type=\u00a0\u00bb1_2&Prime; _builder_version=\u00a0\u00bb4.27.4&Prime; _module_preset=\u00a0\u00bbdefault\u00a0\u00bb background_color=\u00a0\u00bb#ceccb5&Prime; global_colors_info=\u00a0\u00bb{}\u00a0\u00bb][et_pb_text _builder_version=\u00a0\u00bb4.27.4&Prime; _module_preset=\u00a0\u00bbdefault\u00a0\u00bb background_color=\u00a0\u00bb#ceccb5&Prime; global_colors_info=\u00a0\u00bb{}\u00a0\u00bb][\/et_pb_text][et_pb_heading title=\u00a0\u00bbTarif  Jeune (15\/23 ans)\u00a0\u00bb _builder_version=\u00a0\u00bb4.27.4&Prime; _module_preset=\u00a0\u00bbdefault\u00a0\u00bb title_text_align=\u00a0\u00bbleft\u00a0\u00bb title_text_color=\u00a0\u00bb#e25a3a\u00a0\u00bb title_font_size=\u00a0\u00bb25px\u00a0\u00bb background_color=\u00a0\u00bb#ceccb5&Prime; width=\u00a0\u00bb80%\u00a0\u00bb module_alignment=\u00a0\u00bbcenter\u00a0\u00bb global_colors_info=\u00a0\u00bb{}\u00a0\u00bb][\/et_pb_heading][et_pb_heading _builder_version=\u00a0\u00bb4.27.4&Prime; _module_preset=\u00a0\u00bbdefault\u00a0\u00bb title_text_align=\u00a0\u00bbleft\u00a0\u00bb title_text_color=\u00a0\u00bb#e25a3a\u00a0\u00bb title_font_size=\u00a0\u00bb25px\u00a0\u00bb background_color=\u00a0\u00bb#ceccb5&Prime; global_colors_info=\u00a0\u00bb{}\u00a0\u00bb][\/et_pb_heading][et_pb_text _builder_version=\u00a0\u00bb4.27.4&Prime; _module_preset=\u00a0\u00bbdefault\u00a0\u00bb background_color=\u00a0\u00bb#ceccb5&Prime; width=\u00a0\u00bb80%\u00a0\u00bb module_alignment=\u00a0\u00bbcenter\u00a0\u00bb hover_enabled=\u00a0\u00bb0&Prime; global_colors_info=\u00a0\u00bb{}\u00a0\u00bb sticky_enabled=\u00a0\u00bb0&Prime;]<\/p>\n<p style=\"text-align: left;\">D\u00e9cryptage des nombres de votre \u00a0identit\u00e9 civile : la partie \u00ab\u00a0structurelle\u00a0\u00bb<\/p>\n<p style=\"text-align: left;\">D\u00e9cryptage des nombres li\u00e9s \u00e0 votre date de naissance : la partie \u00ab\u00a0essentielle\u00a0\u00bb<\/p>\n<p style=\"text-align: left;\">Dur\u00e9e (1,5h)<\/p>\n<p style=\"text-align: left;\">Lieu : Cambo les bains ou en visio<\/p>\n<p style=\"text-align: left;\">Pr\u00e9sence d&rsquo;un parent obligatoire pour les mineurs.<\/p>\n<p style=\"text-align: left;\"><strong>110 \u20ac<\/strong><\/p>\n<p>[\/et_pb_text][et_pb_image _builder_version=\u00a0\u00bb4.24.2&Prime; _module_preset=\u00a0\u00bbdefault\u00a0\u00bb global_colors_info=\u00a0\u00bb{}\u00a0\u00bb][\/et_pb_image][\/et_pb_column][\/et_pb_row][et_pb_row _builder_version=\u00a0\u00bb4.27.4&Prime; _module_preset=\u00a0\u00bbdefault\u00a0\u00bb][et_pb_column _builder_version=\u00a0\u00bb4.27.4&Prime; _module_preset=\u00a0\u00bbdefault\u00a0\u00bb type=\u00a0\u00bb4_4&Prime;][et_pb_divider _builder_version=\u00a0\u00bb4.27.4&Prime; _module_preset=\u00a0\u00bbdefault\u00a0\u00bb hover_enabled=\u00a0\u00bb0&Prime; sticky_enabled=\u00a0\u00bb0&Prime;][\/et_pb_divider][\/et_pb_column][\/et_pb_row][\/et_pb_section][et_pb_section fb_built=\u00a0\u00bb1&Prime; _builder_version=\u00a0\u00bb4.27.4&Prime; _module_preset=\u00a0\u00bbdefault\u00a0\u00bb background_color=\u00a0\u00bb#FFFFFF\u00a0\u00bb global_colors_info=\u00a0\u00bb{}\u00a0\u00bb][et_pb_row column_structure=\u00a0\u00bb1_2,1_2&Prime; make_equal=\u00a0\u00bbon\u00a0\u00bb _builder_version=\u00a0\u00bb4.27.4&Prime; _module_preset=\u00a0\u00bbdefault\u00a0\u00bb custom_css_main_element=\u00a0\u00bbalign-items: center;||||\u00a0\u00bb custom_css_free_form=\u00a0\u00bb||\u00a0\u00bb global_colors_info=\u00a0\u00bb{}\u00a0\u00bb][et_pb_column type=\u00a0\u00bb1_2&Prime; _builder_version=\u00a0\u00bb4.20.2&Prime; _module_preset=\u00a0\u00bbdefault\u00a0\u00bb global_colors_info=\u00a0\u00bb{}\u00a0\u00bb][et_pb_text _builder_version=\u00a0\u00bb4.27.4&Prime; _module_preset=\u00a0\u00bbdefault\u00a0\u00bb text_font=\u00a0\u00bb||||||||\u00a0\u00bb width=\u00a0\u00bb100%\u00a0\u00bb module_alignment=\u00a0\u00bbcenter\u00a0\u00bb custom_css_main_element=\u00a0\u00bbalign-items: center;||||\u00a0\u00bb global_colors_info=\u00a0\u00bb{}\u00a0\u00bb]<\/p>\n<p style=\"text-align: left;\">\u00c9tant donn\u00e9 ma double activit\u00e9, je vous propose \u00e9galement une autre approche de la restitution de vos nombres, du d\u00e9codage de la partition que forme une partie de ces derniers, dans le cadre d&rsquo;une s\u00e9ance photo \u00ab\u00a0Esquisse de soi\u00a0\u00bb.<\/p>\n<p style=\"text-align: left;\">D&rsquo;une dur\u00e9e de 2h, sur le lieu de votre choix, nous r\u00e9alisons une s\u00e9ance photo intimiste en \u00e9changeant en m\u00eame temps sur vos dons et vos talents ! L&rsquo;approche de la num\u00e9rologie est d\u00e8s lors plus globale mais tout aussi percutante que dans une restitution classique, plus approfondie, car en mouvement, dans la capture de l&rsquo;instant pr\u00e9sent.<\/p>\n<p style=\"text-align: left;\">Votre ressenti mis en image imm\u00e9diatement.<\/p>\n<p style=\"text-align: left;\">Venez tenter cette exp\u00e9rience unique !<\/p>\n<p>[\/et_pb_text][et_pb_image _builder_version=\u00a0\u00bb4.24.2&Prime; _module_preset=\u00a0\u00bbdefault\u00a0\u00bb global_colors_info=\u00a0\u00bb{}\u00a0\u00bb][\/et_pb_image][\/et_pb_column][et_pb_column type=\u00a0\u00bb1_2&Prime; _builder_version=\u00a0\u00bb4.27.4&Prime; _module_preset=\u00a0\u00bbdefault\u00a0\u00bb background_color=\u00a0\u00bb#ceccb5&Prime; global_colors_info=\u00a0\u00bb{}\u00a0\u00bb][et_pb_heading _builder_version=\u00a0\u00bb4.27.4&Prime; _module_preset=\u00a0\u00bbdefault\u00a0\u00bb title_text_align=\u00a0\u00bbleft\u00a0\u00bb title_text_color=\u00a0\u00bb#e25a3a\u00a0\u00bb title_font_size=\u00a0\u00bb25px\u00a0\u00bb background_color=\u00a0\u00bb#ceccb5&Prime; global_colors_info=\u00a0\u00bb{}\u00a0\u00bb][\/et_pb_heading][et_pb_heading title=\u00a0\u00bbTarif s\u00e9ance %22Esquisse de soi%22&Prime; _builder_version=\u00a0\u00bb4.27.4&Prime; _module_preset=\u00a0\u00bbdefault\u00a0\u00bb title_text_align=\u00a0\u00bbleft\u00a0\u00bb title_text_color=\u00a0\u00bb#e25a3a\u00a0\u00bb title_font_size=\u00a0\u00bb25px\u00a0\u00bb background_color=\u00a0\u00bb#ceccb5&Prime; width=\u00a0\u00bb80%\u00a0\u00bb module_alignment=\u00a0\u00bbcenter\u00a0\u00bb global_colors_info=\u00a0\u00bb{}\u00a0\u00bb][\/et_pb_heading][et_pb_text _builder_version=\u00a0\u00bb4.27.4&Prime; _module_preset=\u00a0\u00bbdefault\u00a0\u00bb background_color=\u00a0\u00bb#ceccb5&Prime; width=\u00a0\u00bb80%\u00a0\u00bb module_alignment=\u00a0\u00bbcenter\u00a0\u00bb global_colors_info=\u00a0\u00bb{}\u00a0\u00bb]<\/p>\n<p>S\u00e9ance photo sur le lieu de votre choix &amp; analyse de vos nombres principaux.<\/p>\n<p>Dur\u00e9e : 2h<\/p>\n<p>Post traitement des images et galerie en ligne avec acc\u00e8s priv\u00e9.<\/p>\n<p>Restitution de 20 fichiers HD libres de droits de reproduction (\u00e0 choisir sur la galerie).<\/p>\n<p>Restitution par mail d&rsquo;une analyse synth\u00e9tique de vos nombres principaux (pas de prise de notes ou d&rsquo;enregistrement possible pendant la s\u00e9ance !).<\/p>\n<p><strong>370 \u20ac<\/strong><\/p>\n<p>[\/et_pb_text][et_pb_text _builder_version=\u00a0\u00bb4.27.4&Prime; _module_preset=\u00a0\u00bbdefault\u00a0\u00bb background_color=\u00a0\u00bb#ceccb5&Prime; global_colors_info=\u00a0\u00bb{}\u00a0\u00bb][\/et_pb_text][\/et_pb_column][\/et_pb_row][\/et_pb_section]<\/p>\n","protected":false},"excerpt":{"rendered":"<p>Les tarifs La num\u00e9rologie est une technique de d\u00e9veloppement personnel, un outil pour apprendre \u00e0 se connaitre, \u00e0 envisager nos potentiels mais aussi \u00e0 d\u00e9tecter nos freins, \u00e0 r\u00e9v\u00e9ler nos [&hellip;]<\/p>\n","protected":false},"author":1,"featured_media":0,"parent":0,"menu_order":0,"comment_status":"closed","ping_status":"closed","template":"","meta":{"_et_pb_use_builder":"on","_et_pb_old_content":"","_et_gb_content_width":"","footnotes":""},"class_list":["post-2178","page","type-page","status-publish","hentry"],"yoast_head":"<!-- This site is optimized with the Yoast SEO plugin v22.3 - https:\/\/yoast.com\/wordpress\/plugins\/seo\/ -->\n<title>Tarifs - artekoa<\/title>\n<meta name=\"robots\" content=\"index, follow, max-snippet:-1, max-image-preview:large, max-video-preview:-1\" \/>\n<link rel=\"canonical\" href=\"https:\/\/artekoa.fr\/numerologie\/tarifs\/\" \/>\n<meta property=\"og:locale\" content=\"fr_FR\" \/>\n<meta property=\"og:type\" content=\"article\" \/>\n<meta property=\"og:title\" content=\"Tarifs - artekoa\" \/>\n<meta property=\"og:description\" content=\"Les tarifs La num\u00e9rologie est une technique de d\u00e9veloppement personnel, un outil pour apprendre \u00e0 se connaitre, \u00e0 envisager nos potentiels mais aussi \u00e0 d\u00e9tecter nos freins, \u00e0 r\u00e9v\u00e9ler nos [&hellip;]\" \/>\n<meta property=\"og:url\" content=\"https:\/\/artekoa.fr\/numerologie\/tarifs\/\" \/>\n<meta property=\"og:site_name\" content=\"artekoa\" \/>\n<meta property=\"article:modified_time\" content=\"2025-11-12T15:17:51+00:00\" \/>\n<meta name=\"twitter:card\" content=\"summary_large_image\" \/>\n<script type=\"application\/ld+json\" class=\"yoast-schema-graph\">{\"@context\":\"https:\/\/schema.org\",\"@graph\":[{\"@type\":\"WebPage\",\"@id\":\"https:\/\/artekoa.fr\/numerologie\/tarifs\/\",\"url\":\"https:\/\/artekoa.fr\/numerologie\/tarifs\/\",\"name\":\"Tarifs - artekoa\",\"isPartOf\":{\"@id\":\"https:\/\/artekoa.fr\/numerologie\/#website\"},\"datePublished\":\"2025-04-24T12:36:31+00:00\",\"dateModified\":\"2025-11-12T15:17:51+00:00\",\"breadcrumb\":{\"@id\":\"https:\/\/artekoa.fr\/numerologie\/tarifs\/#breadcrumb\"},\"inLanguage\":\"fr-FR\",\"potentialAction\":[{\"@type\":\"ReadAction\",\"target\":[\"https:\/\/artekoa.fr\/numerologie\/tarifs\/\"]}]},{\"@type\":\"BreadcrumbList\",\"@id\":\"https:\/\/artekoa.fr\/numerologie\/tarifs\/#breadcrumb\",\"itemListElement\":[{\"@type\":\"ListItem\",\"position\":1,\"name\":\"Accueil\",\"item\":\"https:\/\/artekoa.fr\/numerologie\/\"},{\"@type\":\"ListItem\",\"position\":2,\"name\":\"Tarifs\"}]},{\"@type\":\"WebSite\",\"@id\":\"https:\/\/artekoa.fr\/numerologie\/#website\",\"url\":\"https:\/\/artekoa.fr\/numerologie\/\",\"name\":\"artekoa\",\"description\":\"Photographe et num\u00e9rologue\",\"potentialAction\":[{\"@type\":\"SearchAction\",\"target\":{\"@type\":\"EntryPoint\",\"urlTemplate\":\"https:\/\/artekoa.fr\/numerologie\/?s={search_term_string}\"},\"query-input\":\"required name=search_term_string\"}],\"inLanguage\":\"fr-FR\"}]}<\/script>\n<!-- \/ Yoast SEO plugin. -->","yoast_head_json":{"title":"Tarifs - artekoa","robots":{"index":"index","follow":"follow","max-snippet":"max-snippet:-1","max-image-preview":"max-image-preview:large","max-video-preview":"max-video-preview:-1"},"canonical":"https:\/\/artekoa.fr\/numerologie\/tarifs\/","og_locale":"fr_FR","og_type":"article","og_title":"Tarifs - artekoa","og_description":"Les tarifs La num\u00e9rologie est une technique de d\u00e9veloppement personnel, un outil pour apprendre \u00e0 se connaitre, \u00e0 envisager nos potentiels mais aussi \u00e0 d\u00e9tecter nos freins, \u00e0 r\u00e9v\u00e9ler nos [&hellip;]","og_url":"https:\/\/artekoa.fr\/numerologie\/tarifs\/","og_site_name":"artekoa","article_modified_time":"2025-11-12T15:17:51+00:00","twitter_card":"summary_large_image","schema":{"@context":"https:\/\/schema.org","@graph":[{"@type":"WebPage","@id":"https:\/\/artekoa.fr\/numerologie\/tarifs\/","url":"https:\/\/artekoa.fr\/numerologie\/tarifs\/","name":"Tarifs - artekoa","isPartOf":{"@id":"https:\/\/artekoa.fr\/numerologie\/#website"},"datePublished":"2025-04-24T12:36:31+00:00","dateModified":"2025-11-12T15:17:51+00:00","breadcrumb":{"@id":"https:\/\/artekoa.fr\/numerologie\/tarifs\/#breadcrumb"},"inLanguage":"fr-FR","potentialAction":[{"@type":"ReadAction","target":["https:\/\/artekoa.fr\/numerologie\/tarifs\/"]}]},{"@type":"BreadcrumbList","@id":"https:\/\/artekoa.fr\/numerologie\/tarifs\/#breadcrumb","itemListElement":[{"@type":"ListItem","position":1,"name":"Accueil","item":"https:\/\/artekoa.fr\/numerologie\/"},{"@type":"ListItem","position":2,"name":"Tarifs"}]},{"@type":"WebSite","@id":"https:\/\/artekoa.fr\/numerologie\/#website","url":"https:\/\/artekoa.fr\/numerologie\/","name":"artekoa","description":"Photographe et num\u00e9rologue","potentialAction":[{"@type":"SearchAction","target":{"@type":"EntryPoint","urlTemplate":"https:\/\/artekoa.fr\/numerologie\/?s={search_term_string}"},"query-input":"required name=search_term_string"}],"inLanguage":"fr-FR"}]}},"_links":{"self":[{"href":"https:\/\/artekoa.fr\/numerologie\/wp-json\/wp\/v2\/pages\/2178","targetHints":{"allow":["GET"]}}],"collection":[{"href":"https:\/\/artekoa.fr\/numerologie\/wp-json\/wp\/v2\/pages"}],"about":[{"href":"https:\/\/artekoa.fr\/numerologie\/wp-json\/wp\/v2\/types\/page"}],"author":[{"embeddable":true,"href":"https:\/\/artekoa.fr\/numerologie\/wp-json\/wp\/v2\/users\/1"}],"replies":[{"embeddable":true,"href":"https:\/\/artekoa.fr\/numerologie\/wp-json\/wp\/v2\/comments?post=2178"}],"version-history":[{"count":12,"href":"https:\/\/artekoa.fr\/numerologie\/wp-json\/wp\/v2\/pages\/2178\/revisions"}],"predecessor-version":[{"id":2277,"href":"https:\/\/artekoa.fr\/numerologie\/wp-json\/wp\/v2\/pages\/2178\/revisions\/2277"}],"wp:attachment":[{"href":"https:\/\/artekoa.fr\/numerologie\/wp-json\/wp\/v2\/media?parent=2178"}],"curies":[{"name":"wp","href":"https:\/\/api.w.org\/{rel}","templated":true}]}}